{"id":1173,"date":"2018-06-26T17:55:08","date_gmt":"2018-06-26T17:55:08","guid":{"rendered":"https:\/\/heritagecounseling.pt\/site\/?page_id=1173"},"modified":"2024-06-21T17:42:39","modified_gmt":"2024-06-21T17:42:39","slug":"prevencao-a-recaida","status":"publish","type":"page","link":"https:\/\/heritagecounseling.pt\/fr\/prevencao-a-recaida\/","title":{"rendered":"LA PR\u00c9VENTION DES RECHUTES"},"content":{"rendered":"[vc_row type=\u00a0\u00bbin_container\u00a0\u00bb full_screen_row_position=\u00a0\u00bbmiddle\u00a0\u00bb scene_position=\u00a0\u00bbcenter\u00a0\u00bb text_color=\u00a0\u00bbdark\u00a0\u00bb text_align=\u00a0\u00bbleft\u00a0\u00bb overlay_strength=\u00a0\u00bb0.3&Prime;][vc_column column_padding=\u00a0\u00bbno-extra-padding\u00a0\u00bb column_padding_position=\u00a0\u00bball\u00a0\u00bb background_color_opacity=\u00a0\u00bb1&Prime; background_hover_color_opacity=\u00a0\u00bb1&Prime; column_shadow=\u00a0\u00bbnone\u00a0\u00bb width=\u00a0\u00bb1\/1&Prime; tablet_text_alignment=\u00a0\u00bbdefault\u00a0\u00bb phone_text_alignment=\u00a0\u00bbdefault\u00a0\u00bb column_border_width=\u00a0\u00bbnone\u00a0\u00bb column_border_style=\u00a0\u00bbsolid\u00a0\u00bb]<div style=\"height: 650px\"  data-transition=\"slide\" data-overall_style=\"classic\" data-flexible-height=\"true\" data-animate-in-effect=\"none\" data-fullscreen=\"false\" data-button-sizing=\"regular\" data-button-styling=\"btn_with_count\" data-autorotate=\"\" data-parallax=\"false\" data-full-width=\"true\" class=\"nectar-slider-wrap \" id=\"ns-id-69e9158cc5b8b\">\r\n\t\t\t<div style=\"height: 650px\" class=\"swiper-container\"  data-tho=\"auto\" data-tco=\"auto\" data-pho=\"auto\" data-pco=\"auto\" data-loop=\"false\" data-height=\"650\" data-min-height=\"\" data-arrows=\"false\" data-bullets=\"false\" data-bullet_style=\"see_through\" data-desktop-swipe=\"false\" data-settings=\"\">\r\n\t\t\t\t    <div class=\"swiper-wrapper\"><div class=\"swiper-slide\" data-bg-alignment=\"center\" data-color-scheme=\"light\" data-x-pos=\"left\" data-y-pos=\"middle\"> \r\n\t\t\t\t\t\t\t\t<div class=\"image-bg\" style=\"background-image: url(https:\/\/heritagecounseling.pt\/wp-content\/uploads\/2018\/06\/RECAIDA.png);\"> &nbsp; <\/div><div class=\"video-texture \"> <span class=\"ie-fix\"><\/span> <\/div><\/div><!--\/swiper-slide--><\/div><div class=\"nectar-slider-loading \"> <span class=\"loading-icon none\">   <\/span> <\/div> <\/div> \r\n\t\t\t\t\r\n\t\t\t<\/div><div class=\"divider-wrap\"><div style=\"height: 50px;\" class=\"divider\"><\/div><\/div>[\/vc_column][\/vc_row][vc_row type=\u00a0\u00bbin_container\u00a0\u00bb full_screen_row_position=\u00a0\u00bbmiddle\u00a0\u00bb scene_position=\u00a0\u00bbcenter\u00a0\u00bb text_color=\u00a0\u00bbdark\u00a0\u00bb text_align=\u00a0\u00bbleft\u00a0\u00bb top_padding=\u00a0\u00bb0&Prime; bottom_padding=\u00a0\u00bb5&Prime; overlay_strength=\u00a0\u00bb0.3&Prime;][vc_column column_padding=\u00a0\u00bbno-extra-padding\u00a0\u00bb column_padding_position=\u00a0\u00bball\u00a0\u00bb background_color_opacity=\u00a0\u00bb1&Prime; background_hover_color_opacity=\u00a0\u00bb1&Prime; column_shadow=\u00a0\u00bbnone\u00a0\u00bb width=\u00a0\u00bb1\/2&Prime; tablet_text_alignment=\u00a0\u00bbdefault\u00a0\u00bb phone_text_alignment=\u00a0\u00bbdefault\u00a0\u00bb column_border_width=\u00a0\u00bbnone\u00a0\u00bb column_border_style=\u00a0\u00bbsolid\u00a0\u00bb][vc_custom_heading text=\u00a0\u00bbLA PR\u00c9VENTION DES RECHUTES\u00a0\u00bb use_theme_fonts=\u00a0\u00bbyes\u00a0\u00bb]<div class=\"divider-wrap\"><div style=\"height: 25px;\" class=\"divider\"><\/div><\/div>[vc_column_text]La pr\u00e9vention implique un processus de manifestation quotidienne de r\u00e9silience et d\u2019autod\u00e9termination, n\u00e9cessitant des soins continus de mani\u00e8re structur\u00e9e garantissant un plus grand succ\u00e8s dans le temps.[\/vc_column_text]<div class=\"divider-wrap\"><div style=\"height: 50px;\" class=\"divider\"><\/div><\/div>[\/vc_column][vc_column column_padding=\u00a0\u00bbno-extra-padding\u00a0\u00bb column_padding_position=\u00a0\u00bball\u00a0\u00bb background_color_opacity=\u00a0\u00bb1&Prime; background_hover_color_opacity=\u00a0\u00bb1&Prime; column_shadow=\u00a0\u00bbnone\u00a0\u00bb width=\u00a0\u00bb1\/2&Prime; tablet_text_alignment=\u00a0\u00bbdefault\u00a0\u00bb phone_text_alignment=\u00a0\u00bbdefault\u00a0\u00bb column_border_width=\u00a0\u00bbnone\u00a0\u00bb column_border_style=\u00a0\u00bbsolid\u00a0\u00bb]<div class=\"divider-wrap\"><div style=\"height: 10px;\" class=\"divider\"><\/div><\/div>[vc_column_text]Le soutien n\u00e9cessaire \u00e0 ce processus se d\u00e9veloppe principalement dans deux strat\u00e9gies post-internat, des groupes d\u2019 After-Care \u2013 constitu\u00e9s de patients qui ont termin\u00e9 la phase d\u2019internement, servant de r\u00e9seau de soutien, de d\u00e9finition de strat\u00e9gie et de cr\u00e9ation de liens et de s\u00e9ances de suivi individuel \u2013 espace intime, avec la d\u00e9finition d\u2019un plan individualis\u00e9 qui permet de poursuivre les objectifs initialement \u00e9tablis dans le traitement. Ce groupe th\u00e9rapeutique est facilit\u00e9 par l&rsquo;un des techniciens de la phase primaire.[\/vc_column_text][\/vc_column][\/vc_row][vc_row type=\u00a0\u00bbfull_width_content\u00a0\u00bb full_screen_row_position=\u00a0\u00bbmiddle\u00a0\u00bb bg_color=\u00a0\u00bb#e9c157&Prime; scene_position=\u00a0\u00bbcenter\u00a0\u00bb text_color=\u00a0\u00bbdark\u00a0\u00bb text_align=\u00a0\u00bbleft\u00a0\u00bb overlay_strength=\u00a0\u00bb0.5&Prime;][vc_column column_padding=\u00a0\u00bbno-extra-padding\u00a0\u00bb column_padding_position=\u00a0\u00bball\u00a0\u00bb background_color_opacity=\u00a0\u00bb1&Prime; background_hover_color_opacity=\u00a0\u00bb1&Prime; column_shadow=\u00a0\u00bbnone\u00a0\u00bb width=\u00a0\u00bb1\/1&Prime; tablet_text_alignment=\u00a0\u00bbdefault\u00a0\u00bb phone_text_alignment=\u00a0\u00bbdefault\u00a0\u00bb column_border_width=\u00a0\u00bbnone\u00a0\u00bb column_border_style=\u00a0\u00bbsolid\u00a0\u00bb]<div class=\"divider-wrap\"><div style=\"height: 30px;\" class=\"divider\"><\/div><\/div>[nectar_cta heading_tag=\u00a0\u00bbh2&Prime; text_color=\u00a0\u00bb#0a0303&Prime; link_type=\u00a0\u00bbregular\u00a0\u00bb alignment=\u00a0\u00bbcenter\u00a0\u00bb text=\u00a0\u00bbL\u2019Heritage Counseling Clinic offre le programme th\u00e9rapeutique plus complet de l\u2019Europe. \u00a0\u00bb link_text=\u00a0\u00bbRendez-nous visite!\u00a0\u00bb url=\u00a0\u00bbhttps:\/\/heritagecounseling.pt\/en\/contactos\/\u00a0\u00bb]<div class=\"divider-wrap\"><div style=\"height: 30px;\" class=\"divider\"><\/div><\/div>[\/vc_column][\/vc_row]","protected":false},"excerpt":{"rendered":"<p>[vc_row type=\u00a0\u00bbin_container\u00a0\u00bb full_screen_row_position=\u00a0\u00bbmiddle\u00a0\u00bb scene_position=\u00a0\u00bbcenter\u00a0\u00bb text_color=\u00a0\u00bbdark\u00a0\u00bb text_align=\u00a0\u00bbleft\u00a0\u00bb overlay_strength=\u00a0\u00bb0.3&Prime;][vc_column column_padding=\u00a0\u00bbno-extra-padding\u00a0\u00bb column_padding_position=\u00a0\u00bball\u00a0\u00bb background_color_opacity=\u00a0\u00bb1&Prime; background_hover_color_opacity=\u00a0\u00bb1&Prime; column_shadow=\u00a0\u00bbnone\u00a0\u00bb width=\u00a0\u00bb1\/1&Prime; tablet_text_alignment=\u00a0\u00bbdefault\u00a0\u00bb phone_text_alignment=\u00a0\u00bbdefault\u00a0\u00bb column_border_width=\u00a0\u00bbnone\u00a0\u00bb column_border_style=\u00a0\u00bbsolid\u00a0\u00bb][\/vc_column][\/vc_row][vc_row type=\u00a0\u00bbin_container\u00a0\u00bb full_screen_row_position=\u00a0\u00bbmiddle\u00a0\u00bb scene_position=\u00a0\u00bbcenter\u00a0\u00bb text_color=\u00a0\u00bbdark\u00a0\u00bb text_align=\u00a0\u00bbleft\u00a0\u00bb top_padding=\u00a0\u00bb0&Prime; bottom_padding=\u00a0\u00bb5&Prime; overlay_strength=\u00a0\u00bb0.3&Prime;][vc_column column_padding=\u00a0\u00bbno-extra-padding\u00a0\u00bb column_padding_position=\u00a0\u00bball\u00a0\u00bb background_color_opacity=\u00a0\u00bb1&Prime; background_hover_color_opacity=\u00a0\u00bb1&Prime; column_shadow=\u00a0\u00bbnone\u00a0\u00bb&#8230;<\/p>\n","protected":false},"author":1,"featured_media":0,"parent":0,"menu_order":0,"comment_status":"closed","ping_status":"closed","template":"","meta":{"footnotes":""},"class_list":["post-1173","page","type-page","status-publish","hentry"],"yoast_head":"<!-- This site is optimized with the Yoast SEO plugin v27.2 - https:\/\/yoast.com\/product\/yoast-seo-wordpress\/ -->\n<title>LA PR\u00c9VENTION DES RECHUTES - Heritage Counseling Clinic<\/title>\n<meta name=\"robots\" content=\"index, follow, max-snippet:-1, max-image-preview:large, max-video-preview:-1\" \/>\n<link rel=\"canonical\" href=\"https:\/\/heritagecounseling.pt\/prevencao-a-recaida\/\" \/>\n<meta property=\"og:locale\" content=\"fr_FR\" \/>\n<meta property=\"og:type\" content=\"article\" \/>\n<meta property=\"og:title\" content=\"[:pt]PREVEN\u00c7\u00c3O \u00c0 RECA\u00cdDA[:en]PREVEN\u00c7\u00c3O \u00c0 RECA\u00cdDA[:fr]LA PR\u00c9VENTION DES RECHUTES[:] - Heritage Counseling Clinic\" \/>\n<meta property=\"og:description\" content=\"[vc_row type=\u00a0\u00bbin_container\u00a0\u00bb full_screen_row_position=\u00a0\u00bbmiddle\u00a0\u00bb scene_position=\u00a0\u00bbcenter\u00a0\u00bb text_color=\u00a0\u00bbdark\u00a0\u00bb text_align=\u00a0\u00bbleft\u00a0\u00bb overlay_strength=\u00a0\u00bb0.3&Prime;][vc_column column_padding=\u00a0\u00bbno-extra-padding\u00a0\u00bb column_padding_position=\u00a0\u00bball\u00a0\u00bb background_color_opacity=\u00a0\u00bb1&Prime; background_hover_color_opacity=\u00a0\u00bb1&Prime; column_shadow=\u00a0\u00bbnone\u00a0\u00bb width=\u00a0\u00bb1\/1&Prime; tablet_text_alignment=\u00a0\u00bbdefault\u00a0\u00bb phone_text_alignment=\u00a0\u00bbdefault\u00a0\u00bb column_border_width=\u00a0\u00bbnone\u00a0\u00bb column_border_style=\u00a0\u00bbsolid\u00a0\u00bb][\/vc_column][\/vc_row][vc_row type=\u00a0\u00bbin_container\u00a0\u00bb full_screen_row_position=\u00a0\u00bbmiddle\u00a0\u00bb scene_position=\u00a0\u00bbcenter\u00a0\u00bb text_color=\u00a0\u00bbdark\u00a0\u00bb text_align=\u00a0\u00bbleft\u00a0\u00bb top_padding=\u00a0\u00bb0&Prime; bottom_padding=\u00a0\u00bb5&Prime; overlay_strength=\u00a0\u00bb0.3&Prime;][vc_column column_padding=\u00a0\u00bbno-extra-padding\u00a0\u00bb column_padding_position=\u00a0\u00bball\u00a0\u00bb background_color_opacity=\u00a0\u00bb1&Prime; background_hover_color_opacity=\u00a0\u00bb1&Prime; column_shadow=\u00a0\u00bbnone\u00a0\u00bb...\" \/>\n<meta property=\"og:url\" content=\"https:\/\/heritagecounseling.pt\/prevencao-a-recaida\/\" \/>\n<meta property=\"og:site_name\" content=\"Heritage Counseling Clinic\" \/>\n<meta property=\"article:modified_time\" content=\"2024-06-21T17:42:39+00:00\" \/>\n<meta name=\"twitter:card\" content=\"summary_large_image\" \/>\n<meta name=\"twitter:label1\" content=\"Dur\u00e9e de lecture estim\u00e9e\" \/>\n\t<meta name=\"twitter:data1\" content=\"2 minutes\" \/>\n<script type=\"application\/ld+json\" class=\"yoast-schema-graph\">{\"@context\":\"https:\/\/schema.org\",\"@graph\":[{\"@type\":\"WebPage\",\"@id\":\"https:\/\/heritagecounseling.pt\/prevencao-a-recaida\/\",\"url\":\"https:\/\/heritagecounseling.pt\/prevencao-a-recaida\/\",\"name\":\"[:pt]PREVEN\u00c7\u00c3O \u00c0 RECA\u00cdDA[:en]PREVEN\u00c7\u00c3O \u00c0 RECA\u00cdDA[:fr]LA PR\u00c9VENTION DES RECHUTES[:] - Heritage Counseling Clinic\",\"isPartOf\":{\"@id\":\"https:\/\/heritagecounseling.pt\/#website\"},\"datePublished\":\"2018-06-26T17:55:08+00:00\",\"dateModified\":\"2024-06-21T17:42:39+00:00\",\"breadcrumb\":{\"@id\":\"https:\/\/heritagecounseling.pt\/prevencao-a-recaida\/#breadcrumb\"},\"inLanguage\":\"fr-FR\",\"potentialAction\":[{\"@type\":\"ReadAction\",\"target\":[\"https:\/\/heritagecounseling.pt\/prevencao-a-recaida\/\"]}]},{\"@type\":\"BreadcrumbList\",\"@id\":\"https:\/\/heritagecounseling.pt\/prevencao-a-recaida\/#breadcrumb\",\"itemListElement\":[{\"@type\":\"ListItem\",\"position\":1,\"name\":\"Home\",\"item\":\"https:\/\/heritagecounseling.pt\/en\/\"},{\"@type\":\"ListItem\",\"position\":2,\"name\":\"PREVEN\u00c7\u00c3O \u00c0 RECA\u00cdDA\"}]},{\"@type\":\"WebSite\",\"@id\":\"https:\/\/heritagecounseling.pt\/#website\",\"url\":\"https:\/\/heritagecounseling.pt\/\",\"name\":\"Heritage Counseling Clinic\",\"description\":\"Cl\u00ednica de tratamento de adi\u00e7\u00f5es e comportamentos.\",\"potentialAction\":[{\"@type\":\"SearchAction\",\"target\":{\"@type\":\"EntryPoint\",\"urlTemplate\":\"https:\/\/heritagecounseling.pt\/?s={search_term_string}\"},\"query-input\":{\"@type\":\"PropertyValueSpecification\",\"valueRequired\":true,\"valueName\":\"search_term_string\"}}],\"inLanguage\":\"fr-FR\"}]}<\/script>\n<!-- \/ Yoast SEO plugin. -->","yoast_head_json":{"title":"[:pt]PREVEN\u00c7\u00c3O \u00c0 RECA\u00cdDA[:en]PREVEN\u00c7\u00c3O \u00c0 RECA\u00cdDA[:fr]LA PR\u00c9VENTION DES RECHUTES[:] - Heritage Counseling Clinic","robots":{"index":"index","follow":"follow","max-snippet":"max-snippet:-1","max-image-preview":"max-image-preview:large","max-video-preview":"max-video-preview:-1"},"canonical":"https:\/\/heritagecounseling.pt\/prevencao-a-recaida\/","og_locale":"fr_FR","og_type":"article","og_title":"[:pt]PREVEN\u00c7\u00c3O \u00c0 RECA\u00cdDA[:en]PREVEN\u00c7\u00c3O \u00c0 RECA\u00cdDA[:fr]LA PR\u00c9VENTION DES RECHUTES[:] - Heritage Counseling Clinic","og_description":"[vc_row type=\u00a0\u00bbin_container\u00a0\u00bb full_screen_row_position=\u00a0\u00bbmiddle\u00a0\u00bb scene_position=\u00a0\u00bbcenter\u00a0\u00bb text_color=\u00a0\u00bbdark\u00a0\u00bb text_align=\u00a0\u00bbleft\u00a0\u00bb overlay_strength=\u00a0\u00bb0.3&Prime;][vc_column column_padding=\u00a0\u00bbno-extra-padding\u00a0\u00bb column_padding_position=\u00a0\u00bball\u00a0\u00bb background_color_opacity=\u00a0\u00bb1&Prime; background_hover_color_opacity=\u00a0\u00bb1&Prime; column_shadow=\u00a0\u00bbnone\u00a0\u00bb width=\u00a0\u00bb1\/1&Prime; tablet_text_alignment=\u00a0\u00bbdefault\u00a0\u00bb phone_text_alignment=\u00a0\u00bbdefault\u00a0\u00bb column_border_width=\u00a0\u00bbnone\u00a0\u00bb column_border_style=\u00a0\u00bbsolid\u00a0\u00bb][\/vc_column][\/vc_row][vc_row type=\u00a0\u00bbin_container\u00a0\u00bb full_screen_row_position=\u00a0\u00bbmiddle\u00a0\u00bb scene_position=\u00a0\u00bbcenter\u00a0\u00bb text_color=\u00a0\u00bbdark\u00a0\u00bb text_align=\u00a0\u00bbleft\u00a0\u00bb top_padding=\u00a0\u00bb0&Prime; bottom_padding=\u00a0\u00bb5&Prime; overlay_strength=\u00a0\u00bb0.3&Prime;][vc_column column_padding=\u00a0\u00bbno-extra-padding\u00a0\u00bb column_padding_position=\u00a0\u00bball\u00a0\u00bb background_color_opacity=\u00a0\u00bb1&Prime; background_hover_color_opacity=\u00a0\u00bb1&Prime; column_shadow=\u00a0\u00bbnone\u00a0\u00bb...","og_url":"https:\/\/heritagecounseling.pt\/prevencao-a-recaida\/","og_site_name":"Heritage Counseling Clinic","article_modified_time":"2024-06-21T17:42:39+00:00","twitter_card":"summary_large_image","twitter_misc":{"Dur\u00e9e de lecture estim\u00e9e":"2 minutes"},"schema":{"@context":"https:\/\/schema.org","@graph":[{"@type":"WebPage","@id":"https:\/\/heritagecounseling.pt\/prevencao-a-recaida\/","url":"https:\/\/heritagecounseling.pt\/prevencao-a-recaida\/","name":"[:pt]PREVEN\u00c7\u00c3O \u00c0 RECA\u00cdDA[:en]PREVEN\u00c7\u00c3O \u00c0 RECA\u00cdDA[:fr]LA PR\u00c9VENTION DES RECHUTES[:] - Heritage Counseling Clinic","isPartOf":{"@id":"https:\/\/heritagecounseling.pt\/#website"},"datePublished":"2018-06-26T17:55:08+00:00","dateModified":"2024-06-21T17:42:39+00:00","breadcrumb":{"@id":"https:\/\/heritagecounseling.pt\/prevencao-a-recaida\/#breadcrumb"},"inLanguage":"fr-FR","potentialAction":[{"@type":"ReadAction","target":["https:\/\/heritagecounseling.pt\/prevencao-a-recaida\/"]}]},{"@type":"BreadcrumbList","@id":"https:\/\/heritagecounseling.pt\/prevencao-a-recaida\/#breadcrumb","itemListElement":[{"@type":"ListItem","position":1,"name":"Home","item":"https:\/\/heritagecounseling.pt\/en\/"},{"@type":"ListItem","position":2,"name":"PREVEN\u00c7\u00c3O \u00c0 RECA\u00cdDA"}]},{"@type":"WebSite","@id":"https:\/\/heritagecounseling.pt\/#website","url":"https:\/\/heritagecounseling.pt\/","name":"Heritage Counseling Clinic","description":"Cl\u00ednica de tratamento de adi\u00e7\u00f5es e comportamentos.","potentialAction":[{"@type":"SearchAction","target":{"@type":"EntryPoint","urlTemplate":"https:\/\/heritagecounseling.pt\/?s={search_term_string}"},"query-input":{"@type":"PropertyValueSpecification","valueRequired":true,"valueName":"search_term_string"}}],"inLanguage":"fr-FR"}]}},"_links":{"self":[{"href":"https:\/\/heritagecounseling.pt\/fr\/wp-json\/wp\/v2\/pages\/1173","targetHints":{"allow":["GET"]}}],"collection":[{"href":"https:\/\/heritagecounseling.pt\/fr\/wp-json\/wp\/v2\/pages"}],"about":[{"href":"https:\/\/heritagecounseling.pt\/fr\/wp-json\/wp\/v2\/types\/page"}],"author":[{"embeddable":true,"href":"https:\/\/heritagecounseling.pt\/fr\/wp-json\/wp\/v2\/users\/1"}],"replies":[{"embeddable":true,"href":"https:\/\/heritagecounseling.pt\/fr\/wp-json\/wp\/v2\/comments?post=1173"}],"version-history":[{"count":17,"href":"https:\/\/heritagecounseling.pt\/fr\/wp-json\/wp\/v2\/pages\/1173\/revisions"}],"predecessor-version":[{"id":1760,"href":"https:\/\/heritagecounseling.pt\/fr\/wp-json\/wp\/v2\/pages\/1173\/revisions\/1760"}],"wp:attachment":[{"href":"https:\/\/heritagecounseling.pt\/fr\/wp-json\/wp\/v2\/media?parent=1173"}],"curies":[{"name":"wp","href":"https:\/\/api.w.org\/{rel}","templated":true}]}}