{"id":1162,"date":"2018-06-26T15:47:51","date_gmt":"2018-06-26T15:47:51","guid":{"rendered":"https:\/\/heritagecounseling.pt\/site\/?page_id=1162"},"modified":"2024-06-21T11:52:27","modified_gmt":"2024-06-21T11:52:27","slug":"tratamento-da-depressao","status":"publish","type":"page","link":"https:\/\/heritagecounseling.pt\/fr\/tratamento-da-depressao\/","title":{"rendered":"LE TRAITEMENT DE LA D\u00c9PRESSION"},"content":{"rendered":"[vc_row type=\u00a0\u00bbin_container\u00a0\u00bb full_screen_row_position=\u00a0\u00bbmiddle\u00a0\u00bb scene_position=\u00a0\u00bbcenter\u00a0\u00bb text_color=\u00a0\u00bbdark\u00a0\u00bb text_align=\u00a0\u00bbleft\u00a0\u00bb overlay_strength=\u00a0\u00bb0.3&Prime;][vc_column column_padding=\u00a0\u00bbno-extra-padding\u00a0\u00bb column_padding_position=\u00a0\u00bball\u00a0\u00bb background_color_opacity=\u00a0\u00bb1&Prime; background_hover_color_opacity=\u00a0\u00bb1&Prime; column_shadow=\u00a0\u00bbnone\u00a0\u00bb width=\u00a0\u00bb1\/1&Prime; tablet_text_alignment=\u00a0\u00bbdefault\u00a0\u00bb phone_text_alignment=\u00a0\u00bbdefault\u00a0\u00bb column_border_width=\u00a0\u00bbnone\u00a0\u00bb column_border_style=\u00a0\u00bbsolid\u00a0\u00bb]<div style=\"height: 650px\"  data-transition=\"slide\" data-overall_style=\"classic\" data-flexible-height=\"true\" data-animate-in-effect=\"none\" data-fullscreen=\"false\" data-button-sizing=\"regular\" data-button-styling=\"btn_with_count\" data-autorotate=\"\" data-parallax=\"false\" data-full-width=\"true\" class=\"nectar-slider-wrap \" id=\"ns-id-69dcce99c8158\">\r\n\t\t\t<div style=\"height: 650px\" class=\"swiper-container\"  data-tho=\"auto\" data-tco=\"auto\" data-pho=\"auto\" data-pco=\"auto\" data-loop=\"false\" data-height=\"650\" data-min-height=\"\" data-arrows=\"false\" data-bullets=\"false\" data-bullet_style=\"see_through\" data-desktop-swipe=\"false\" data-settings=\"\">\r\n\t\t\t\t    <div class=\"swiper-wrapper\"><div class=\"swiper-slide\" data-bg-alignment=\"center\" data-color-scheme=\"light\" data-x-pos=\"left\" data-y-pos=\"middle\"> \r\n\t\t\t\t\t\t\t\t<div class=\"image-bg\" style=\"background-image: url(https:\/\/heritagecounseling.pt\/wp-content\/uploads\/2018\/06\/DEPRESS\u00c3O.png);\"> &nbsp; <\/div><div class=\"video-texture \"> <span class=\"ie-fix\"><\/span> <\/div><\/div><!--\/swiper-slide--><\/div><div class=\"nectar-slider-loading \"> <span class=\"loading-icon none\">   <\/span> <\/div> <\/div> \r\n\t\t\t\t\r\n\t\t\t<\/div><div class=\"divider-wrap\"><div style=\"height: 50px;\" class=\"divider\"><\/div><\/div>[\/vc_column][\/vc_row][vc_row type=\u00a0\u00bbin_container\u00a0\u00bb full_screen_row_position=\u00a0\u00bbmiddle\u00a0\u00bb scene_position=\u00a0\u00bbcenter\u00a0\u00bb text_color=\u00a0\u00bbdark\u00a0\u00bb text_align=\u00a0\u00bbleft\u00a0\u00bb top_padding=\u00a0\u00bb0&Prime; bottom_padding=\u00a0\u00bb5&Prime; overlay_strength=\u00a0\u00bb0.3&Prime;][vc_column column_padding=\u00a0\u00bbno-extra-padding\u00a0\u00bb column_padding_position=\u00a0\u00bball\u00a0\u00bb background_color_opacity=\u00a0\u00bb1&Prime; background_hover_color_opacity=\u00a0\u00bb1&Prime; column_shadow=\u00a0\u00bbnone\u00a0\u00bb width=\u00a0\u00bb1\/2&Prime; tablet_text_alignment=\u00a0\u00bbdefault\u00a0\u00bb phone_text_alignment=\u00a0\u00bbdefault\u00a0\u00bb column_border_width=\u00a0\u00bbnone\u00a0\u00bb column_border_style=\u00a0\u00bbsolid\u00a0\u00bb][vc_custom_heading text=\u00a0\u00bbLE TRAITEMENT DE LA D\u00c9PRESSION\u00a0\u00bb use_theme_fonts=\u00a0\u00bbyes\u00a0\u00bb]<div class=\"divider-wrap\"><div style=\"height: 25px;\" class=\"divider\"><\/div><\/div>[vc_column_text]\n<h4>La d\u00e9pression n&rsquo;est plus une fatalit\u00e9 ou mal\u00e9diction, et aujourd&rsquo;hui, toute d\u00e9pression peut trouver un traitement efficace. M\u00eame si quelqu\u2019un a dit que vous \u00eates d\u00e9prim\u00e9 pour le reste de votre vie, la d\u00e9pression est une r\u00e9action salubre de votre organisme\u00a0: une indication de que la vie ne se d\u00e9roule pas bien et il faut prendre des mesures.<\/h4>\n<h4>Les sympt\u00f4mes de la d\u00e9pression peuvent inclure:<\/h4>\n<p>La perte d&rsquo;int\u00e9r\u00eat pour les activit\u00e9s que vous aimiez autrefois, y compris la socialisation avec d&rsquo;autres personnes. Devenir passif et sans but, avoir des sentiments de peur et de d\u00e9tresse et vivre une vie de vide.<\/p>\n<p>Le d\u00e9tachement des choses simples de la vie quotidienne, qui deviennent insupportables et sans importance, entra\u00eene \u00e9galement des changements dans la pens\u00e9e (la concentration, le raisonnement et la m\u00e9moire sont affect\u00e9s. Ce que nous pensons de nous-m\u00eames nous fait percevoir l&rsquo;avenir comme n\u00e9gatif.<\/p>\n<p>\u00catre d\u00e9prim\u00e9, c&rsquo;est comme jeter tous les biens que vous avez dans votre maison, et quand vous faites le m\u00e9nage, vous regardez autour de vous et vous vous rendez compte : \u00ab\u00a0Je n&rsquo;ai rien, je serai mis\u00e9rable, je n&rsquo;ai pas d&rsquo;avenir, il n&rsquo;y a pas d&rsquo;espoir pour moi\u00a0\u00bb.<\/p>\n<p>La d\u00e9pression est une maladie courante qui, si elle est correctement trait\u00e9e, dans la plupart des cas, les patients r\u00e9pondront bien au traitement. Il est n\u00e9cessaire d&rsquo;avoir un traitement qui combine l&rsquo;utilisation de m\u00e9dicaments avec une assistance psychoth\u00e9rapeutique, en cherchant \u00e0 responsabiliser le patient et en l&rsquo;aidant \u00e0 g\u00e9rer ses probl\u00e8mes et ses frustrations quotidiennes d&rsquo;une mani\u00e8re plus saine.[\/vc_column_text]<div class=\"divider-wrap\"><div style=\"height: 50px;\" class=\"divider\"><\/div><\/div>[\/vc_column][vc_column column_padding=\u00a0\u00bbno-extra-padding\u00a0\u00bb column_padding_position=\u00a0\u00bball\u00a0\u00bb background_color_opacity=\u00a0\u00bb1&Prime; background_hover_color_opacity=\u00a0\u00bb1&Prime; column_shadow=\u00a0\u00bbnone\u00a0\u00bb width=\u00a0\u00bb1\/2&Prime; tablet_text_alignment=\u00a0\u00bbdefault\u00a0\u00bb phone_text_alignment=\u00a0\u00bbdefault\u00a0\u00bb column_border_width=\u00a0\u00bbnone\u00a0\u00bb column_border_style=\u00a0\u00bbsolid\u00a0\u00bb]<div class=\"divider-wrap\"><div style=\"height: 10px;\" class=\"divider\"><\/div><\/div>[vc_column_text]<strong>Comment nous travaillons avec le probl\u00e8me de la d\u00e9pression<\/strong><\/p>\n<p>Le fait de commencer le traitement avec des personnes souffrant de sympt\u00f4mes d\u00e9pressifs rend indispensable l&rsquo;implication de la famille dans ce plan de changement (Programme Familial). L&rsquo;\u00e9valuation des forces et des faiblesses conduit \u00e0 ce que notre programme soit bas\u00e9 sur les aspects positifs et le potentiel de chaque personne. Commencez le changement et regardez les difficult\u00e9s d&rsquo;une autre mani\u00e8re. Donner un sens \u00e0 la vie et la rendre int\u00e9ressante, cr\u00e9er de nouveaux d\u00e9fis sont les principaux objectifs du changement et de notre traitement.<\/p>\n<p>La condition physique et la fr\u00e9quentation de la salle de sport sont \u00e9galement importantes, ce qui met en \u00e9vidence la n\u00e9cessit\u00e9 d&rsquo;augmenter l&rsquo;activit\u00e9 pour lutter contre les \u00ab\u00a0hormones du stress\u00a0\u00bb, en procurant une sensation d&rsquo;\u00e9nergie revitalis\u00e9e gr\u00e2ce \u00e0 une capacit\u00e9 cardiovasculaire et musculaire accrue sous la supervision d&rsquo;un entra\u00eeneur personnel et un plan d&rsquo;entra\u00eenement hebdomadaire.<\/p>\n<p>&nbsp;<\/p>\n<p>Cela permet de cr\u00e9er une perception plus positive de soi-m\u00eame, permettant ainsi \u00e0 la personne de mieux comprendre la relation entre un effort continu et une possibilit\u00e9 de changement.<\/p>\n<p>Pendant le traitement chez Heritage Counseling Clinic, les patients seront engag\u00e9s dans plusieurs activit\u00e9s th\u00e9rapeutiques et compl\u00e9mentaires, individuellement ou en groupe. Tout cela permettra de restaurer et de renforcer des mod\u00e8les sains de relations avec eux-m\u00eames (estime de soi) et avec les autres. Des habitudes saines et des habitudes quotidiennes feront partie de la vie quotidienne du patient.<\/p>\n<p>La d\u00e9pression peut \u00eatre trait\u00e9e. Nous facilitons la r\u00e9adaptation et la rendons plus confidentielle. Si vous avez des questions ou des pr\u00e9occupations, veuillez contacter notre \u00e9quipe technique et nous serons heureux de vous aider.<\/p>\n<p>Nous vous invitons \u00e0 visiter nos <a href=\"https:\/\/heritagecounseling.pt\/site\/instalacoes\/\">installations<\/a>, \u00e0 connaitre notre <a href=\"https:\/\/heritagecounseling.pt\/site\/o-programa\/\">programme th\u00e9rapeutique<\/a> et <a href=\"https:\/\/heritagecounseling.pt\/site\/quemsomos\/\">notre \u00e9quipe<\/a>.[\/vc_column_text][\/vc_column][\/vc_row][vc_row type=\u00a0\u00bbfull_width_content\u00a0\u00bb full_screen_row_position=\u00a0\u00bbmiddle\u00a0\u00bb bg_color=\u00a0\u00bb#e9c157&Prime; scene_position=\u00a0\u00bbcenter\u00a0\u00bb text_color=\u00a0\u00bbdark\u00a0\u00bb text_align=\u00a0\u00bbleft\u00a0\u00bb overlay_strength=\u00a0\u00bb0.5&Prime;][vc_column column_padding=\u00a0\u00bbno-extra-padding\u00a0\u00bb column_padding_position=\u00a0\u00bball\u00a0\u00bb background_color_opacity=\u00a0\u00bb1&Prime; background_hover_color_opacity=\u00a0\u00bb1&Prime; column_shadow=\u00a0\u00bbnone\u00a0\u00bb width=\u00a0\u00bb1\/1&Prime; tablet_text_alignment=\u00a0\u00bbdefault\u00a0\u00bb phone_text_alignment=\u00a0\u00bbdefault\u00a0\u00bb column_border_width=\u00a0\u00bbnone\u00a0\u00bb column_border_style=\u00a0\u00bbsolid\u00a0\u00bb]<div class=\"divider-wrap\"><div style=\"height: 30px;\" class=\"divider\"><\/div><\/div>[nectar_cta heading_tag=\u00a0\u00bbh2&Prime; text_color=\u00a0\u00bb#0a0303&Prime; link_type=\u00a0\u00bbregular\u00a0\u00bb alignment=\u00a0\u00bbcenter\u00a0\u00bb text=\u00a0\u00bbL\u2019Heritage Counseling Clinic offre le programme th\u00e9rapeutique plus complet de l\u2019Europe. \u00a0\u00bb link_text=\u00a0\u00bbRendez-nous visite!\u00a0\u00bb url=\u00a0\u00bbhttps:\/\/heritagecounseling.pt\/en\/contactos\/\u00a0\u00bb]<div class=\"divider-wrap\"><div style=\"height: 30px;\" class=\"divider\"><\/div><\/div>[\/vc_column][\/vc_row]","protected":false},"excerpt":{"rendered":"<p>[vc_row type=\u00a0\u00bbin_container\u00a0\u00bb full_screen_row_position=\u00a0\u00bbmiddle\u00a0\u00bb scene_position=\u00a0\u00bbcenter\u00a0\u00bb text_color=\u00a0\u00bbdark\u00a0\u00bb text_align=\u00a0\u00bbleft\u00a0\u00bb overlay_strength=\u00a0\u00bb0.3&Prime;][vc_column column_padding=\u00a0\u00bbno-extra-padding\u00a0\u00bb column_padding_position=\u00a0\u00bball\u00a0\u00bb background_color_opacity=\u00a0\u00bb1&Prime; background_hover_color_opacity=\u00a0\u00bb1&Prime; column_shadow=\u00a0\u00bbnone\u00a0\u00bb width=\u00a0\u00bb1\/1&Prime; tablet_text_alignment=\u00a0\u00bbdefault\u00a0\u00bb phone_text_alignment=\u00a0\u00bbdefault\u00a0\u00bb column_border_width=\u00a0\u00bbnone\u00a0\u00bb column_border_style=\u00a0\u00bbsolid\u00a0\u00bb][\/vc_column][\/vc_row][vc_row type=\u00a0\u00bbin_container\u00a0\u00bb full_screen_row_position=\u00a0\u00bbmiddle\u00a0\u00bb scene_position=\u00a0\u00bbcenter\u00a0\u00bb text_color=\u00a0\u00bbdark\u00a0\u00bb text_align=\u00a0\u00bbleft\u00a0\u00bb top_padding=\u00a0\u00bb0&Prime; bottom_padding=\u00a0\u00bb5&Prime; overlay_strength=\u00a0\u00bb0.3&Prime;][vc_column column_padding=\u00a0\u00bbno-extra-padding\u00a0\u00bb column_padding_position=\u00a0\u00bball\u00a0\u00bb background_color_opacity=\u00a0\u00bb1&Prime; background_hover_color_opacity=\u00a0\u00bb1&Prime; column_shadow=\u00a0\u00bbnone\u00a0\u00bb&#8230;<\/p>\n","protected":false},"author":1,"featured_media":0,"parent":0,"menu_order":0,"comment_status":"closed","ping_status":"closed","template":"","meta":{"footnotes":""},"class_list":["post-1162","page","type-page","status-publish","hentry"],"yoast_head":"<!-- This site is optimized with the Yoast SEO plugin v27.2 - https:\/\/yoast.com\/product\/yoast-seo-wordpress\/ -->\n<title>LE TRAITEMENT DE LA D\u00c9PRESSION - Heritage Counseling Clinic<\/title>\n<meta name=\"robots\" content=\"index, follow, max-snippet:-1, max-image-preview:large, max-video-preview:-1\" \/>\n<link rel=\"canonical\" href=\"https:\/\/heritagecounseling.pt\/tratamento-da-depressao\/\" \/>\n<meta property=\"og:locale\" content=\"fr_FR\" \/>\n<meta property=\"og:type\" content=\"article\" \/>\n<meta property=\"og:title\" content=\"[:pt]TRATAMENTO DA DEPRESS\u00c3O[:en]TRATAMENTO DA DEPRESS\u00c3O[:fr]LE TRAITEMENT DE LA D\u00c9PRESSION[:] - Heritage Counseling Clinic\" \/>\n<meta property=\"og:description\" content=\"[vc_row type=\u00a0\u00bbin_container\u00a0\u00bb full_screen_row_position=\u00a0\u00bbmiddle\u00a0\u00bb scene_position=\u00a0\u00bbcenter\u00a0\u00bb text_color=\u00a0\u00bbdark\u00a0\u00bb text_align=\u00a0\u00bbleft\u00a0\u00bb overlay_strength=\u00a0\u00bb0.3&Prime;][vc_column column_padding=\u00a0\u00bbno-extra-padding\u00a0\u00bb column_padding_position=\u00a0\u00bball\u00a0\u00bb background_color_opacity=\u00a0\u00bb1&Prime; background_hover_color_opacity=\u00a0\u00bb1&Prime; column_shadow=\u00a0\u00bbnone\u00a0\u00bb width=\u00a0\u00bb1\/1&Prime; tablet_text_alignment=\u00a0\u00bbdefault\u00a0\u00bb phone_text_alignment=\u00a0\u00bbdefault\u00a0\u00bb column_border_width=\u00a0\u00bbnone\u00a0\u00bb column_border_style=\u00a0\u00bbsolid\u00a0\u00bb][\/vc_column][\/vc_row][vc_row type=\u00a0\u00bbin_container\u00a0\u00bb full_screen_row_position=\u00a0\u00bbmiddle\u00a0\u00bb scene_position=\u00a0\u00bbcenter\u00a0\u00bb text_color=\u00a0\u00bbdark\u00a0\u00bb text_align=\u00a0\u00bbleft\u00a0\u00bb top_padding=\u00a0\u00bb0&Prime; bottom_padding=\u00a0\u00bb5&Prime; overlay_strength=\u00a0\u00bb0.3&Prime;][vc_column column_padding=\u00a0\u00bbno-extra-padding\u00a0\u00bb column_padding_position=\u00a0\u00bball\u00a0\u00bb background_color_opacity=\u00a0\u00bb1&Prime; background_hover_color_opacity=\u00a0\u00bb1&Prime; column_shadow=\u00a0\u00bbnone\u00a0\u00bb...\" \/>\n<meta property=\"og:url\" content=\"https:\/\/heritagecounseling.pt\/tratamento-da-depressao\/\" \/>\n<meta property=\"og:site_name\" content=\"Heritage Counseling Clinic\" \/>\n<meta property=\"article:modified_time\" content=\"2024-06-21T11:52:27+00:00\" \/>\n<meta name=\"twitter:card\" content=\"summary_large_image\" \/>\n<meta name=\"twitter:label1\" content=\"Dur\u00e9e de lecture estim\u00e9e\" \/>\n\t<meta name=\"twitter:data1\" content=\"4 minutes\" \/>\n<script type=\"application\/ld+json\" class=\"yoast-schema-graph\">{\"@context\":\"https:\/\/schema.org\",\"@graph\":[{\"@type\":\"WebPage\",\"@id\":\"https:\/\/heritagecounseling.pt\/tratamento-da-depressao\/\",\"url\":\"https:\/\/heritagecounseling.pt\/tratamento-da-depressao\/\",\"name\":\"[:pt]TRATAMENTO DA DEPRESS\u00c3O[:en]TRATAMENTO DA DEPRESS\u00c3O[:fr]LE TRAITEMENT DE LA D\u00c9PRESSION[:] - Heritage Counseling Clinic\",\"isPartOf\":{\"@id\":\"https:\/\/heritagecounseling.pt\/#website\"},\"datePublished\":\"2018-06-26T15:47:51+00:00\",\"dateModified\":\"2024-06-21T11:52:27+00:00\",\"breadcrumb\":{\"@id\":\"https:\/\/heritagecounseling.pt\/tratamento-da-depressao\/#breadcrumb\"},\"inLanguage\":\"fr-FR\",\"potentialAction\":[{\"@type\":\"ReadAction\",\"target\":[\"https:\/\/heritagecounseling.pt\/tratamento-da-depressao\/\"]}]},{\"@type\":\"BreadcrumbList\",\"@id\":\"https:\/\/heritagecounseling.pt\/tratamento-da-depressao\/#breadcrumb\",\"itemListElement\":[{\"@type\":\"ListItem\",\"position\":1,\"name\":\"Home\",\"item\":\"https:\/\/heritagecounseling.pt\/en\/\"},{\"@type\":\"ListItem\",\"position\":2,\"name\":\"TRATAMENTO DA DEPRESS\u00c3O\"}]},{\"@type\":\"WebSite\",\"@id\":\"https:\/\/heritagecounseling.pt\/#website\",\"url\":\"https:\/\/heritagecounseling.pt\/\",\"name\":\"Heritage Counseling Clinic\",\"description\":\"Cl\u00ednica de tratamento de adi\u00e7\u00f5es e comportamentos.\",\"potentialAction\":[{\"@type\":\"SearchAction\",\"target\":{\"@type\":\"EntryPoint\",\"urlTemplate\":\"https:\/\/heritagecounseling.pt\/?s={search_term_string}\"},\"query-input\":{\"@type\":\"PropertyValueSpecification\",\"valueRequired\":true,\"valueName\":\"search_term_string\"}}],\"inLanguage\":\"fr-FR\"}]}<\/script>\n<!-- \/ Yoast SEO plugin. -->","yoast_head_json":{"title":"[:pt]TRATAMENTO DA DEPRESS\u00c3O[:en]TRATAMENTO DA DEPRESS\u00c3O[:fr]LE TRAITEMENT DE LA D\u00c9PRESSION[:] - Heritage Counseling Clinic","robots":{"index":"index","follow":"follow","max-snippet":"max-snippet:-1","max-image-preview":"max-image-preview:large","max-video-preview":"max-video-preview:-1"},"canonical":"https:\/\/heritagecounseling.pt\/tratamento-da-depressao\/","og_locale":"fr_FR","og_type":"article","og_title":"[:pt]TRATAMENTO DA DEPRESS\u00c3O[:en]TRATAMENTO DA DEPRESS\u00c3O[:fr]LE TRAITEMENT DE LA D\u00c9PRESSION[:] - Heritage Counseling Clinic","og_description":"[vc_row type=\u00a0\u00bbin_container\u00a0\u00bb full_screen_row_position=\u00a0\u00bbmiddle\u00a0\u00bb scene_position=\u00a0\u00bbcenter\u00a0\u00bb text_color=\u00a0\u00bbdark\u00a0\u00bb text_align=\u00a0\u00bbleft\u00a0\u00bb overlay_strength=\u00a0\u00bb0.3&Prime;][vc_column column_padding=\u00a0\u00bbno-extra-padding\u00a0\u00bb column_padding_position=\u00a0\u00bball\u00a0\u00bb background_color_opacity=\u00a0\u00bb1&Prime; background_hover_color_opacity=\u00a0\u00bb1&Prime; column_shadow=\u00a0\u00bbnone\u00a0\u00bb width=\u00a0\u00bb1\/1&Prime; tablet_text_alignment=\u00a0\u00bbdefault\u00a0\u00bb phone_text_alignment=\u00a0\u00bbdefault\u00a0\u00bb column_border_width=\u00a0\u00bbnone\u00a0\u00bb column_border_style=\u00a0\u00bbsolid\u00a0\u00bb][\/vc_column][\/vc_row][vc_row type=\u00a0\u00bbin_container\u00a0\u00bb full_screen_row_position=\u00a0\u00bbmiddle\u00a0\u00bb scene_position=\u00a0\u00bbcenter\u00a0\u00bb text_color=\u00a0\u00bbdark\u00a0\u00bb text_align=\u00a0\u00bbleft\u00a0\u00bb top_padding=\u00a0\u00bb0&Prime; bottom_padding=\u00a0\u00bb5&Prime; overlay_strength=\u00a0\u00bb0.3&Prime;][vc_column column_padding=\u00a0\u00bbno-extra-padding\u00a0\u00bb column_padding_position=\u00a0\u00bball\u00a0\u00bb background_color_opacity=\u00a0\u00bb1&Prime; background_hover_color_opacity=\u00a0\u00bb1&Prime; column_shadow=\u00a0\u00bbnone\u00a0\u00bb...","og_url":"https:\/\/heritagecounseling.pt\/tratamento-da-depressao\/","og_site_name":"Heritage Counseling Clinic","article_modified_time":"2024-06-21T11:52:27+00:00","twitter_card":"summary_large_image","twitter_misc":{"Dur\u00e9e de lecture estim\u00e9e":"4 minutes"},"schema":{"@context":"https:\/\/schema.org","@graph":[{"@type":"WebPage","@id":"https:\/\/heritagecounseling.pt\/tratamento-da-depressao\/","url":"https:\/\/heritagecounseling.pt\/tratamento-da-depressao\/","name":"[:pt]TRATAMENTO DA DEPRESS\u00c3O[:en]TRATAMENTO DA DEPRESS\u00c3O[:fr]LE TRAITEMENT DE LA D\u00c9PRESSION[:] - Heritage Counseling Clinic","isPartOf":{"@id":"https:\/\/heritagecounseling.pt\/#website"},"datePublished":"2018-06-26T15:47:51+00:00","dateModified":"2024-06-21T11:52:27+00:00","breadcrumb":{"@id":"https:\/\/heritagecounseling.pt\/tratamento-da-depressao\/#breadcrumb"},"inLanguage":"fr-FR","potentialAction":[{"@type":"ReadAction","target":["https:\/\/heritagecounseling.pt\/tratamento-da-depressao\/"]}]},{"@type":"BreadcrumbList","@id":"https:\/\/heritagecounseling.pt\/tratamento-da-depressao\/#breadcrumb","itemListElement":[{"@type":"ListItem","position":1,"name":"Home","item":"https:\/\/heritagecounseling.pt\/en\/"},{"@type":"ListItem","position":2,"name":"TRATAMENTO DA DEPRESS\u00c3O"}]},{"@type":"WebSite","@id":"https:\/\/heritagecounseling.pt\/#website","url":"https:\/\/heritagecounseling.pt\/","name":"Heritage Counseling Clinic","description":"Cl\u00ednica de tratamento de adi\u00e7\u00f5es e comportamentos.","potentialAction":[{"@type":"SearchAction","target":{"@type":"EntryPoint","urlTemplate":"https:\/\/heritagecounseling.pt\/?s={search_term_string}"},"query-input":{"@type":"PropertyValueSpecification","valueRequired":true,"valueName":"search_term_string"}}],"inLanguage":"fr-FR"}]}},"_links":{"self":[{"href":"https:\/\/heritagecounseling.pt\/fr\/wp-json\/wp\/v2\/pages\/1162","targetHints":{"allow":["GET"]}}],"collection":[{"href":"https:\/\/heritagecounseling.pt\/fr\/wp-json\/wp\/v2\/pages"}],"about":[{"href":"https:\/\/heritagecounseling.pt\/fr\/wp-json\/wp\/v2\/types\/page"}],"author":[{"embeddable":true,"href":"https:\/\/heritagecounseling.pt\/fr\/wp-json\/wp\/v2\/users\/1"}],"replies":[{"embeddable":true,"href":"https:\/\/heritagecounseling.pt\/fr\/wp-json\/wp\/v2\/comments?post=1162"}],"version-history":[{"count":14,"href":"https:\/\/heritagecounseling.pt\/fr\/wp-json\/wp\/v2\/pages\/1162\/revisions"}],"predecessor-version":[{"id":1726,"href":"https:\/\/heritagecounseling.pt\/fr\/wp-json\/wp\/v2\/pages\/1162\/revisions\/1726"}],"wp:attachment":[{"href":"https:\/\/heritagecounseling.pt\/fr\/wp-json\/wp\/v2\/media?parent=1162"}],"curies":[{"name":"wp","href":"https:\/\/api.w.org\/{rel}","templated":true}]}}