{"id":1157,"date":"2018-06-26T15:41:09","date_gmt":"2018-06-26T15:41:09","guid":{"rendered":"https:\/\/heritagecounseling.pt\/site\/?page_id=1157"},"modified":"2024-06-21T11:50:20","modified_gmt":"2024-06-21T11:50:20","slug":"alcoolismo","status":"publish","type":"page","link":"https:\/\/heritagecounseling.pt\/fr\/alcoolismo\/","title":{"rendered":"TRAITEMENT DE L&rsquo;ALCOOLISME &#8211; LES PROBL\u00c8MES D\u2019ALCOOL"},"content":{"rendered":"[vc_row type=\u00a0\u00bbin_container\u00a0\u00bb full_screen_row_position=\u00a0\u00bbmiddle\u00a0\u00bb scene_position=\u00a0\u00bbcenter\u00a0\u00bb text_color=\u00a0\u00bbdark\u00a0\u00bb text_align=\u00a0\u00bbleft\u00a0\u00bb overlay_strength=\u00a0\u00bb0.3&Prime;][vc_column column_padding=\u00a0\u00bbno-extra-padding\u00a0\u00bb column_padding_position=\u00a0\u00bball\u00a0\u00bb background_color_opacity=\u00a0\u00bb1&Prime; background_hover_color_opacity=\u00a0\u00bb1&Prime; column_shadow=\u00a0\u00bbnone\u00a0\u00bb width=\u00a0\u00bb1\/1&Prime; tablet_text_alignment=\u00a0\u00bbdefault\u00a0\u00bb phone_text_alignment=\u00a0\u00bbdefault\u00a0\u00bb column_border_width=\u00a0\u00bbnone\u00a0\u00bb column_border_style=\u00a0\u00bbsolid\u00a0\u00bb]<div style=\"height: 650px\"  data-transition=\"slide\" data-overall_style=\"classic\" data-flexible-height=\"true\" data-animate-in-effect=\"none\" data-fullscreen=\"false\" data-button-sizing=\"regular\" data-button-styling=\"btn_with_count\" data-autorotate=\"\" data-parallax=\"false\" data-full-width=\"true\" class=\"nectar-slider-wrap \" id=\"ns-id-69e8b88f2ff1b\">\r\n\t\t\t<div style=\"height: 650px\" class=\"swiper-container\"  data-tho=\"auto\" data-tco=\"auto\" data-pho=\"auto\" data-pco=\"auto\" data-loop=\"false\" data-height=\"650\" data-min-height=\"\" data-arrows=\"false\" data-bullets=\"false\" data-bullet_style=\"see_through\" data-desktop-swipe=\"false\" data-settings=\"\">\r\n\t\t\t\t    <div class=\"swiper-wrapper\"><div class=\"swiper-slide\" data-bg-alignment=\"center\" data-color-scheme=\"light\" data-x-pos=\"left\" data-y-pos=\"middle\"> \r\n\t\t\t\t\t\t\t\t<div class=\"image-bg\" style=\"background-image: url(https:\/\/heritagecounseling.pt\/wp-content\/uploads\/2018\/06\/ALCOOL.png);\"> &nbsp; <\/div><div class=\"video-texture \"> <span class=\"ie-fix\"><\/span> <\/div><\/div><!--\/swiper-slide--><\/div><div class=\"nectar-slider-loading \"> <span class=\"loading-icon none\">   <\/span> <\/div> <\/div> \r\n\t\t\t\t\r\n\t\t\t<\/div><div class=\"divider-wrap\"><div style=\"height: 50px;\" class=\"divider\"><\/div><\/div>[\/vc_column][\/vc_row][vc_row type=\u00a0\u00bbin_container\u00a0\u00bb full_screen_row_position=\u00a0\u00bbmiddle\u00a0\u00bb scene_position=\u00a0\u00bbcenter\u00a0\u00bb text_color=\u00a0\u00bbdark\u00a0\u00bb text_align=\u00a0\u00bbleft\u00a0\u00bb top_padding=\u00a0\u00bb0&Prime; bottom_padding=\u00a0\u00bb5&Prime; overlay_strength=\u00a0\u00bb0.3&Prime;][vc_column column_padding=\u00a0\u00bbno-extra-padding\u00a0\u00bb column_padding_position=\u00a0\u00bball\u00a0\u00bb background_color_opacity=\u00a0\u00bb1&Prime; background_hover_color_opacity=\u00a0\u00bb1&Prime; column_shadow=\u00a0\u00bbnone\u00a0\u00bb width=\u00a0\u00bb1\/2&Prime; tablet_text_alignment=\u00a0\u00bbdefault\u00a0\u00bb phone_text_alignment=\u00a0\u00bbdefault\u00a0\u00bb column_border_width=\u00a0\u00bbnone\u00a0\u00bb column_border_style=\u00a0\u00bbsolid\u00a0\u00bb][vc_custom_heading text=\u00a0\u00bbTRAITEMENT DE L&rsquo;ALCOOLISME &#8211; LES PROBL\u00c8MES D\u2019ALCOOL : SOLUTIONS!\u00a0\u00bb use_theme_fonts=\u00a0\u00bbyes\u00a0\u00bb]<div class=\"divider-wrap\"><div style=\"height: 25px;\" class=\"divider\"><\/div><\/div>[vc_column_text]\n<h3>Lorsque je ne pouvais plus fonctionner avec ou sans alcool et que j&rsquo;avais perdu le contr\u00f4le de ma vie.<\/h3>\n<p>La consommation obsessionnelle et compulsive d&rsquo;alcool <strong>(alcoolisme)<\/strong> laisse tomber toute une structure interne et externe d&rsquo;une personne. L&rsquo;alcoolique est d\u00e9vast\u00e9 physiquement, psychologiquement et spirituellement, brise les valeurs \u00e9thiques et morales et perd la capacit\u00e9 d&rsquo;interagir et de se socialiser. Nous pensons qu&rsquo;il n&rsquo;est plus n\u00e9cessaire que l&rsquo;alcoolique s&rsquo;\u00e9chappe de lui-m\u00eame et qu&rsquo;il est possible d&rsquo;arr\u00eater ce processus autodestructeur <strong>(alcoolisme)<\/strong> en r\u00e9apprenant de nouvelles comp\u00e9tences et de nouvelles fa\u00e7ons de r\u00e9agir aux probl\u00e8mes quotidiens.<\/p>\n<p>L&rsquo;alcoolisme a des r\u00e9percussions et des dommages sur tous les aspects d&rsquo;une famille. Cette dynamique malsaine conduit souvent l&rsquo;alcoolique \u00e0 une vie d&rsquo;isolement et de d\u00e9tresse. Lorsqu&rsquo;un appel \u00e0 l&rsquo;aide est lanc\u00e9, quel qu&rsquo;il soit, il s&rsquo;agit de briser la douleur et la solitude. Une intervention appropri\u00e9e, tant de la part des membres de la famille que des techniciens qualifi\u00e9s, permet de franchir le pont et de faire na\u00eetre l&rsquo;espoir. Il est possible d&rsquo;interrompre le processus destructeur dont l&rsquo;alcoolisme est responsable dans la vie de l&rsquo;alcoolique.[\/vc_column_text]<div class=\"divider-wrap\"><div style=\"height: 50px;\" class=\"divider\"><\/div><\/div>[\/vc_column][vc_column column_padding=\u00a0\u00bbno-extra-padding\u00a0\u00bb column_padding_position=\u00a0\u00bball\u00a0\u00bb background_color_opacity=\u00a0\u00bb1&Prime; background_hover_color_opacity=\u00a0\u00bb1&Prime; column_shadow=\u00a0\u00bbnone\u00a0\u00bb width=\u00a0\u00bb1\/2&Prime; tablet_text_alignment=\u00a0\u00bbdefault\u00a0\u00bb phone_text_alignment=\u00a0\u00bbdefault\u00a0\u00bb column_border_width=\u00a0\u00bbnone\u00a0\u00bb column_border_style=\u00a0\u00bbsolid\u00a0\u00bb]<div class=\"divider-wrap\"><div style=\"height: 10px;\" class=\"divider\"><\/div><\/div>[vc_column_text]\n<h3>Si vous nous rendez visite, c&rsquo;est parce que vous \u00eates conscient que vous ne pouvez pas le faire seul. Prenez contact avec nos services, nous serons heureux et int\u00e9ress\u00e9s de r\u00e9pondre \u00e0 toutes vos questions.<\/h3>\n<p>Nous offrons \u00e9galement un soutien personnalis\u00e9 \u00e0 chaque famille (<a href=\"https:\/\/heritagecounseling.pt\/programa-familiar\/\">Programme Familial<\/a>). Ce programme permet d&rsquo;\u00e9claircir tous les doutes concernant le probl\u00e8me et d&rsquo;apporter une nouvelle notion de limites saines. Le traitement du patient est ainsi renforc\u00e9. Il est important, dans cette proc\u00e9dure de changement, de faire participer, dans la mesure du possible, la famille et les amis qui en feront naturellement partie.<\/p>\n<p>Heritage Couseling Clinic : Traitement de la toxicomanie &#8211; Probl\u00e8mes de la drogue. Nous facilitons la gu\u00e9rison.<\/p>\n<p>Nous vous invitons \u00e0 visiter nos <a href=\"https:\/\/heritagecounseling.pt\/site\/instalacoes\/\">installations<\/a>, \u00e0 connaitre notre <a href=\"https:\/\/heritagecounseling.pt\/site\/o-programa\/\">programme th\u00e9rapeutique<\/a> et <a href=\"https:\/\/heritagecounseling.pt\/site\/quemsomos\/\">notre \u00e9quipe<\/a>.[\/vc_column_text][\/vc_column][\/vc_row]","protected":false},"excerpt":{"rendered":"<p>[vc_row type=\u00a0\u00bbin_container\u00a0\u00bb full_screen_row_position=\u00a0\u00bbmiddle\u00a0\u00bb scene_position=\u00a0\u00bbcenter\u00a0\u00bb text_color=\u00a0\u00bbdark\u00a0\u00bb text_align=\u00a0\u00bbleft\u00a0\u00bb overlay_strength=\u00a0\u00bb0.3&Prime;][vc_column column_padding=\u00a0\u00bbno-extra-padding\u00a0\u00bb column_padding_position=\u00a0\u00bball\u00a0\u00bb background_color_opacity=\u00a0\u00bb1&Prime; background_hover_color_opacity=\u00a0\u00bb1&Prime; column_shadow=\u00a0\u00bbnone\u00a0\u00bb width=\u00a0\u00bb1\/1&Prime; tablet_text_alignment=\u00a0\u00bbdefault\u00a0\u00bb phone_text_alignment=\u00a0\u00bbdefault\u00a0\u00bb column_border_width=\u00a0\u00bbnone\u00a0\u00bb column_border_style=\u00a0\u00bbsolid\u00a0\u00bb][\/vc_column][\/vc_row][vc_row type=\u00a0\u00bbin_container\u00a0\u00bb full_screen_row_position=\u00a0\u00bbmiddle\u00a0\u00bb scene_position=\u00a0\u00bbcenter\u00a0\u00bb text_color=\u00a0\u00bbdark\u00a0\u00bb text_align=\u00a0\u00bbleft\u00a0\u00bb top_padding=\u00a0\u00bb0&Prime; bottom_padding=\u00a0\u00bb5&Prime; overlay_strength=\u00a0\u00bb0.3&Prime;][vc_column column_padding=\u00a0\u00bbno-extra-padding\u00a0\u00bb column_padding_position=\u00a0\u00bball\u00a0\u00bb background_color_opacity=\u00a0\u00bb1&Prime; background_hover_color_opacity=\u00a0\u00bb1&Prime; column_shadow=\u00a0\u00bbnone\u00a0\u00bb&#8230;<\/p>\n","protected":false},"author":1,"featured_media":0,"parent":0,"menu_order":0,"comment_status":"closed","ping_status":"closed","template":"","meta":{"footnotes":""},"class_list":["post-1157","page","type-page","status-publish","hentry"],"yoast_head":"<!-- This site is optimized with the Yoast SEO plugin v27.2 - https:\/\/yoast.com\/product\/yoast-seo-wordpress\/ -->\n<title>TRAITEMENT DE L&#039;ALCOOLISME - LES PROBL\u00c8MES D\u2019ALCOOL - Heritage Counseling Clinic<\/title>\n<meta name=\"robots\" content=\"index, follow, max-snippet:-1, max-image-preview:large, max-video-preview:-1\" \/>\n<link rel=\"canonical\" href=\"https:\/\/heritagecounseling.pt\/alcoolismo\/\" \/>\n<meta property=\"og:locale\" content=\"fr_FR\" \/>\n<meta property=\"og:type\" content=\"article\" \/>\n<meta property=\"og:title\" content=\"[:pt]TRATAMENTO ALCOOLISMO \u2013 PROBLEMAS COM \u00c1LCOOL[:en]TRATAMENTO ALCOOLISMO \u2013 PROBLEMAS COM \u00c1LCOOL[:fr]TRAITEMENT DE L&#039;ALCOOLISME - LES PROBL\u00c8MES D\u2019ALCOOL[:] - Heritage Counseling Clinic\" \/>\n<meta property=\"og:description\" content=\"[vc_row type=\u00a0\u00bbin_container\u00a0\u00bb full_screen_row_position=\u00a0\u00bbmiddle\u00a0\u00bb scene_position=\u00a0\u00bbcenter\u00a0\u00bb text_color=\u00a0\u00bbdark\u00a0\u00bb text_align=\u00a0\u00bbleft\u00a0\u00bb overlay_strength=\u00a0\u00bb0.3&Prime;][vc_column column_padding=\u00a0\u00bbno-extra-padding\u00a0\u00bb column_padding_position=\u00a0\u00bball\u00a0\u00bb background_color_opacity=\u00a0\u00bb1&Prime; background_hover_color_opacity=\u00a0\u00bb1&Prime; column_shadow=\u00a0\u00bbnone\u00a0\u00bb width=\u00a0\u00bb1\/1&Prime; tablet_text_alignment=\u00a0\u00bbdefault\u00a0\u00bb phone_text_alignment=\u00a0\u00bbdefault\u00a0\u00bb column_border_width=\u00a0\u00bbnone\u00a0\u00bb column_border_style=\u00a0\u00bbsolid\u00a0\u00bb][\/vc_column][\/vc_row][vc_row type=\u00a0\u00bbin_container\u00a0\u00bb full_screen_row_position=\u00a0\u00bbmiddle\u00a0\u00bb scene_position=\u00a0\u00bbcenter\u00a0\u00bb text_color=\u00a0\u00bbdark\u00a0\u00bb text_align=\u00a0\u00bbleft\u00a0\u00bb top_padding=\u00a0\u00bb0&Prime; bottom_padding=\u00a0\u00bb5&Prime; overlay_strength=\u00a0\u00bb0.3&Prime;][vc_column column_padding=\u00a0\u00bbno-extra-padding\u00a0\u00bb column_padding_position=\u00a0\u00bball\u00a0\u00bb background_color_opacity=\u00a0\u00bb1&Prime; background_hover_color_opacity=\u00a0\u00bb1&Prime; column_shadow=\u00a0\u00bbnone\u00a0\u00bb...\" \/>\n<meta property=\"og:url\" content=\"https:\/\/heritagecounseling.pt\/alcoolismo\/\" \/>\n<meta property=\"og:site_name\" content=\"Heritage Counseling Clinic\" \/>\n<meta property=\"article:modified_time\" content=\"2024-06-21T11:50:20+00:00\" \/>\n<meta name=\"twitter:card\" content=\"summary_large_image\" \/>\n<meta name=\"twitter:label1\" content=\"Dur\u00e9e de lecture estim\u00e9e\" \/>\n\t<meta name=\"twitter:data1\" content=\"2 minutes\" \/>\n<script type=\"application\/ld+json\" class=\"yoast-schema-graph\">{\"@context\":\"https:\/\/schema.org\",\"@graph\":[{\"@type\":\"WebPage\",\"@id\":\"https:\/\/heritagecounseling.pt\/alcoolismo\/\",\"url\":\"https:\/\/heritagecounseling.pt\/alcoolismo\/\",\"name\":\"[:pt]TRATAMENTO ALCOOLISMO \u2013 PROBLEMAS COM \u00c1LCOOL[:en]TRATAMENTO ALCOOLISMO \u2013 PROBLEMAS COM \u00c1LCOOL[:fr]TRAITEMENT DE L'ALCOOLISME - LES PROBL\u00c8MES D\u2019ALCOOL[:] - Heritage Counseling Clinic\",\"isPartOf\":{\"@id\":\"https:\/\/heritagecounseling.pt\/#website\"},\"datePublished\":\"2018-06-26T15:41:09+00:00\",\"dateModified\":\"2024-06-21T11:50:20+00:00\",\"breadcrumb\":{\"@id\":\"https:\/\/heritagecounseling.pt\/alcoolismo\/#breadcrumb\"},\"inLanguage\":\"fr-FR\",\"potentialAction\":[{\"@type\":\"ReadAction\",\"target\":[\"https:\/\/heritagecounseling.pt\/alcoolismo\/\"]}]},{\"@type\":\"BreadcrumbList\",\"@id\":\"https:\/\/heritagecounseling.pt\/alcoolismo\/#breadcrumb\",\"itemListElement\":[{\"@type\":\"ListItem\",\"position\":1,\"name\":\"Home\",\"item\":\"https:\/\/heritagecounseling.pt\/en\/\"},{\"@type\":\"ListItem\",\"position\":2,\"name\":\"TRATAMENTO ALCOOLISMO \u2013 PROBLEMAS COM \u00c1LCOOL\"}]},{\"@type\":\"WebSite\",\"@id\":\"https:\/\/heritagecounseling.pt\/#website\",\"url\":\"https:\/\/heritagecounseling.pt\/\",\"name\":\"Heritage Counseling Clinic\",\"description\":\"Cl\u00ednica de tratamento de adi\u00e7\u00f5es e comportamentos.\",\"potentialAction\":[{\"@type\":\"SearchAction\",\"target\":{\"@type\":\"EntryPoint\",\"urlTemplate\":\"https:\/\/heritagecounseling.pt\/?s={search_term_string}\"},\"query-input\":{\"@type\":\"PropertyValueSpecification\",\"valueRequired\":true,\"valueName\":\"search_term_string\"}}],\"inLanguage\":\"fr-FR\"}]}<\/script>\n<!-- \/ Yoast SEO plugin. -->","yoast_head_json":{"title":"[:pt]TRATAMENTO ALCOOLISMO \u2013 PROBLEMAS COM \u00c1LCOOL[:en]TRATAMENTO ALCOOLISMO \u2013 PROBLEMAS COM \u00c1LCOOL[:fr]TRAITEMENT DE L'ALCOOLISME - LES PROBL\u00c8MES D\u2019ALCOOL[:] - Heritage Counseling Clinic","robots":{"index":"index","follow":"follow","max-snippet":"max-snippet:-1","max-image-preview":"max-image-preview:large","max-video-preview":"max-video-preview:-1"},"canonical":"https:\/\/heritagecounseling.pt\/alcoolismo\/","og_locale":"fr_FR","og_type":"article","og_title":"[:pt]TRATAMENTO ALCOOLISMO \u2013 PROBLEMAS COM \u00c1LCOOL[:en]TRATAMENTO ALCOOLISMO \u2013 PROBLEMAS COM \u00c1LCOOL[:fr]TRAITEMENT DE L'ALCOOLISME - LES PROBL\u00c8MES D\u2019ALCOOL[:] - Heritage Counseling Clinic","og_description":"[vc_row type=\u00a0\u00bbin_container\u00a0\u00bb full_screen_row_position=\u00a0\u00bbmiddle\u00a0\u00bb scene_position=\u00a0\u00bbcenter\u00a0\u00bb text_color=\u00a0\u00bbdark\u00a0\u00bb text_align=\u00a0\u00bbleft\u00a0\u00bb overlay_strength=\u00a0\u00bb0.3&Prime;][vc_column column_padding=\u00a0\u00bbno-extra-padding\u00a0\u00bb column_padding_position=\u00a0\u00bball\u00a0\u00bb background_color_opacity=\u00a0\u00bb1&Prime; background_hover_color_opacity=\u00a0\u00bb1&Prime; column_shadow=\u00a0\u00bbnone\u00a0\u00bb width=\u00a0\u00bb1\/1&Prime; tablet_text_alignment=\u00a0\u00bbdefault\u00a0\u00bb phone_text_alignment=\u00a0\u00bbdefault\u00a0\u00bb column_border_width=\u00a0\u00bbnone\u00a0\u00bb column_border_style=\u00a0\u00bbsolid\u00a0\u00bb][\/vc_column][\/vc_row][vc_row type=\u00a0\u00bbin_container\u00a0\u00bb full_screen_row_position=\u00a0\u00bbmiddle\u00a0\u00bb scene_position=\u00a0\u00bbcenter\u00a0\u00bb text_color=\u00a0\u00bbdark\u00a0\u00bb text_align=\u00a0\u00bbleft\u00a0\u00bb top_padding=\u00a0\u00bb0&Prime; bottom_padding=\u00a0\u00bb5&Prime; overlay_strength=\u00a0\u00bb0.3&Prime;][vc_column column_padding=\u00a0\u00bbno-extra-padding\u00a0\u00bb column_padding_position=\u00a0\u00bball\u00a0\u00bb background_color_opacity=\u00a0\u00bb1&Prime; background_hover_color_opacity=\u00a0\u00bb1&Prime; column_shadow=\u00a0\u00bbnone\u00a0\u00bb...","og_url":"https:\/\/heritagecounseling.pt\/alcoolismo\/","og_site_name":"Heritage Counseling Clinic","article_modified_time":"2024-06-21T11:50:20+00:00","twitter_card":"summary_large_image","twitter_misc":{"Dur\u00e9e de lecture estim\u00e9e":"2 minutes"},"schema":{"@context":"https:\/\/schema.org","@graph":[{"@type":"WebPage","@id":"https:\/\/heritagecounseling.pt\/alcoolismo\/","url":"https:\/\/heritagecounseling.pt\/alcoolismo\/","name":"[:pt]TRATAMENTO ALCOOLISMO \u2013 PROBLEMAS COM \u00c1LCOOL[:en]TRATAMENTO ALCOOLISMO \u2013 PROBLEMAS COM \u00c1LCOOL[:fr]TRAITEMENT DE L'ALCOOLISME - LES PROBL\u00c8MES D\u2019ALCOOL[:] - Heritage Counseling Clinic","isPartOf":{"@id":"https:\/\/heritagecounseling.pt\/#website"},"datePublished":"2018-06-26T15:41:09+00:00","dateModified":"2024-06-21T11:50:20+00:00","breadcrumb":{"@id":"https:\/\/heritagecounseling.pt\/alcoolismo\/#breadcrumb"},"inLanguage":"fr-FR","potentialAction":[{"@type":"ReadAction","target":["https:\/\/heritagecounseling.pt\/alcoolismo\/"]}]},{"@type":"BreadcrumbList","@id":"https:\/\/heritagecounseling.pt\/alcoolismo\/#breadcrumb","itemListElement":[{"@type":"ListItem","position":1,"name":"Home","item":"https:\/\/heritagecounseling.pt\/en\/"},{"@type":"ListItem","position":2,"name":"TRATAMENTO ALCOOLISMO \u2013 PROBLEMAS COM \u00c1LCOOL"}]},{"@type":"WebSite","@id":"https:\/\/heritagecounseling.pt\/#website","url":"https:\/\/heritagecounseling.pt\/","name":"Heritage Counseling Clinic","description":"Cl\u00ednica de tratamento de adi\u00e7\u00f5es e comportamentos.","potentialAction":[{"@type":"SearchAction","target":{"@type":"EntryPoint","urlTemplate":"https:\/\/heritagecounseling.pt\/?s={search_term_string}"},"query-input":{"@type":"PropertyValueSpecification","valueRequired":true,"valueName":"search_term_string"}}],"inLanguage":"fr-FR"}]}},"_links":{"self":[{"href":"https:\/\/heritagecounseling.pt\/fr\/wp-json\/wp\/v2\/pages\/1157","targetHints":{"allow":["GET"]}}],"collection":[{"href":"https:\/\/heritagecounseling.pt\/fr\/wp-json\/wp\/v2\/pages"}],"about":[{"href":"https:\/\/heritagecounseling.pt\/fr\/wp-json\/wp\/v2\/types\/page"}],"author":[{"embeddable":true,"href":"https:\/\/heritagecounseling.pt\/fr\/wp-json\/wp\/v2\/users\/1"}],"replies":[{"embeddable":true,"href":"https:\/\/heritagecounseling.pt\/fr\/wp-json\/wp\/v2\/comments?post=1157"}],"version-history":[{"count":16,"href":"https:\/\/heritagecounseling.pt\/fr\/wp-json\/wp\/v2\/pages\/1157\/revisions"}],"predecessor-version":[{"id":1725,"href":"https:\/\/heritagecounseling.pt\/fr\/wp-json\/wp\/v2\/pages\/1157\/revisions\/1725"}],"wp:attachment":[{"href":"https:\/\/heritagecounseling.pt\/fr\/wp-json\/wp\/v2\/media?parent=1157"}],"curies":[{"name":"wp","href":"https:\/\/api.w.org\/{rel}","templated":true}]}}