{"id":1152,"date":"2018-06-26T15:22:46","date_gmt":"2018-06-26T15:22:46","guid":{"rendered":"https:\/\/heritagecounseling.pt\/site\/?page_id=1152"},"modified":"2024-06-21T11:39:39","modified_gmt":"2024-06-21T11:39:39","slug":"toxicodependencia-problemas-com-drogas","status":"publish","type":"page","link":"https:\/\/heritagecounseling.pt\/fr\/toxicodependencia-problemas-com-drogas\/","title":{"rendered":"TOXICOMANIE"},"content":{"rendered":"[vc_row type=\u00a0\u00bbin_container\u00a0\u00bb full_screen_row_position=\u00a0\u00bbmiddle\u00a0\u00bb scene_position=\u00a0\u00bbcenter\u00a0\u00bb text_color=\u00a0\u00bbdark\u00a0\u00bb text_align=\u00a0\u00bbleft\u00a0\u00bb overlay_strength=\u00a0\u00bb0.3&Prime;][vc_column column_padding=\u00a0\u00bbno-extra-padding\u00a0\u00bb column_padding_position=\u00a0\u00bball\u00a0\u00bb background_color_opacity=\u00a0\u00bb1&Prime; background_hover_color_opacity=\u00a0\u00bb1&Prime; column_shadow=\u00a0\u00bbnone\u00a0\u00bb width=\u00a0\u00bb1\/1&Prime; tablet_text_alignment=\u00a0\u00bbdefault\u00a0\u00bb phone_text_alignment=\u00a0\u00bbdefault\u00a0\u00bb column_border_width=\u00a0\u00bbnone\u00a0\u00bb column_border_style=\u00a0\u00bbsolid\u00a0\u00bb]<div style=\"height: 650px\"  data-transition=\"slide\" data-overall_style=\"classic\" data-flexible-height=\"true\" data-animate-in-effect=\"none\" data-fullscreen=\"false\" data-button-sizing=\"regular\" data-button-styling=\"btn_with_count\" data-autorotate=\"\" data-parallax=\"false\" data-full-width=\"true\" class=\"nectar-slider-wrap \" id=\"ns-id-69e8d119e64a0\">\r\n\t\t\t<div style=\"height: 650px\" class=\"swiper-container\"  data-tho=\"auto\" data-tco=\"auto\" data-pho=\"auto\" data-pco=\"auto\" data-loop=\"false\" data-height=\"650\" data-min-height=\"\" data-arrows=\"false\" data-bullets=\"false\" data-bullet_style=\"see_through\" data-desktop-swipe=\"false\" data-settings=\"\">\r\n\t\t\t\t    <div class=\"swiper-wrapper\"><div class=\"swiper-slide\" data-bg-alignment=\"center\" data-color-scheme=\"light\" data-x-pos=\"left\" data-y-pos=\"middle\"> \r\n\t\t\t\t\t\t\t\t<div class=\"image-bg\" style=\"background-image: url(https:\/\/heritagecounseling.pt\/wp-content\/uploads\/2018\/06\/DRUGS.png);\"> &nbsp; <\/div><div class=\"video-texture \"> <span class=\"ie-fix\"><\/span> <\/div><\/div><!--\/swiper-slide--><\/div><div class=\"nectar-slider-loading \"> <span class=\"loading-icon none\">   <\/span> <\/div> <\/div> \r\n\t\t\t\t\r\n\t\t\t<\/div><div class=\"divider-wrap\"><div style=\"height: 50px;\" class=\"divider\"><\/div><\/div>[\/vc_column][\/vc_row][vc_row type=\u00a0\u00bbin_container\u00a0\u00bb full_screen_row_position=\u00a0\u00bbmiddle\u00a0\u00bb scene_position=\u00a0\u00bbcenter\u00a0\u00bb text_color=\u00a0\u00bbdark\u00a0\u00bb text_align=\u00a0\u00bbleft\u00a0\u00bb top_padding=\u00a0\u00bb0&Prime; bottom_padding=\u00a0\u00bb5&Prime; overlay_strength=\u00a0\u00bb0.3&Prime;][vc_column column_padding=\u00a0\u00bbno-extra-padding\u00a0\u00bb column_padding_position=\u00a0\u00bball\u00a0\u00bb background_color_opacity=\u00a0\u00bb1&Prime; background_hover_color_opacity=\u00a0\u00bb1&Prime; column_shadow=\u00a0\u00bbnone\u00a0\u00bb width=\u00a0\u00bb1\/2&Prime; tablet_text_alignment=\u00a0\u00bbdefault\u00a0\u00bb phone_text_alignment=\u00a0\u00bbdefault\u00a0\u00bb column_border_width=\u00a0\u00bbnone\u00a0\u00bb column_border_style=\u00a0\u00bbsolid\u00a0\u00bb][vc_custom_heading text=\u00a0\u00bbTOXICOMANIE\u00a0\u00bb use_theme_fonts=\u00a0\u00bbyes\u00a0\u00bb]<div class=\"divider-wrap\"><div style=\"height: 25px;\" class=\"divider\"><\/div><\/div>[vc_column_text]La consommation de drogue (toxicomanie) est encore aujourd&rsquo;hui l&rsquo;un des principaux fl\u00e9aux dans le monde. La mort pr\u00e9matur\u00e9e, les risques de maladie et les d\u00e9m\u00eal\u00e9s avec la justice font partie de la r\u00e9alit\u00e9 d&rsquo;un toxicomane.<\/p>\n<p>Le toxicomane tourne progressivement le dos \u00e0 ses responsabilit\u00e9s familiales et professionnelles. M\u00eame les choses les plus simples de la vie, comme aller \u00e0 un match de football, aller \u00e0 la p\u00eache, faire de la randonn\u00e9e, etc. sont laiss\u00e9es pour compte. L&rsquo;obsession de la consommation de drogue <strong>(toxicomanie)<\/strong> et les moyens d&rsquo;en obtenir davantage transforment les gens en brisant toutes les valeurs morales et \u00e9thiques.<\/p>\n<p>Tous les changeurs d&rsquo;esprit sont des drogues, qu&rsquo;elles soient l\u00e9gales ou non. Si vous souffrez de la consommation de drogues, ou si vous avez un proche, d\u00e9connect\u00e9 et souffrant, vous avez besoin d&rsquo;aide pour redevenir cette personne pleine de volont\u00e9 de vivre et d&rsquo;objectifs de vie qu&rsquo;on a un jour perdu sur cette voie. Tout le monde fait de mauvais choix mais r\u00e9p\u00e9ter syst\u00e9matiquement l&rsquo;erreur devient un signe de folie.[\/vc_column_text]<div class=\"divider-wrap\"><div style=\"height: 50px;\" class=\"divider\"><\/div><\/div>[\/vc_column][vc_column column_padding=\u00a0\u00bbno-extra-padding\u00a0\u00bb column_padding_position=\u00a0\u00bball\u00a0\u00bb background_color_opacity=\u00a0\u00bb1&Prime; background_hover_color_opacity=\u00a0\u00bb1&Prime; column_shadow=\u00a0\u00bbnone\u00a0\u00bb width=\u00a0\u00bb1\/2&Prime; tablet_text_alignment=\u00a0\u00bbdefault\u00a0\u00bb phone_text_alignment=\u00a0\u00bbdefault\u00a0\u00bb column_border_width=\u00a0\u00bbnone\u00a0\u00bb column_border_style=\u00a0\u00bbsolid\u00a0\u00bb]<div class=\"divider-wrap\"><div style=\"height: 10px;\" class=\"divider\"><\/div><\/div>[vc_column_text]\n<h3>Pourquoi je ne r\u00e9ussis pas?<\/h3>\n<p>Nous savons que vous ne le faites pas seul. Cette difficult\u00e9 ne peut \u00eatre surmont\u00e9e qu&rsquo;en \u00e9tant ins\u00e9r\u00e9 dans une structure s\u00fbre et par des techniciens experts qui vous traiteront comme un \u00eatre unique.<\/p>\n<p>Nous savons que vous ne pouvez pas y arriver seul. Cette difficult\u00e9 ne peut \u00eatre surmont\u00e9e que dans une structure s\u00fbre et avec des techniciens qualifi\u00e9s qui vous traiteront comme un \u00eatre unique. Nous pensons que nous avons la solution. Dans un environnement de soutien et professionnel, vous d\u00e9velopperez des comp\u00e9tences que vous ne connaissez pas encore. N&rsquo;h\u00e9sitez pas \u00e0 nous contacter si vous souhaitez entamer cette proc\u00e9dure de changement. Nous vous \u00e9couterons et vous donnerons la solution que vous recherchez.<\/p>\n<p>Nous offrons \u00e9galement un soutien personnalis\u00e9 \u00e0 chaque famille (Programme Familial). Ce programme permet d&rsquo;\u00e9clairer tous les doutes concernant le probl\u00e8me et d&rsquo;apporter une nouvelle notion de limites saines. De cette fa\u00e7on, le traitement du patient est renforc\u00e9. Il est important dans cette proc\u00e9dure de changement d&rsquo;engager la famille et les amis, chaque fois que cela est possible, qui en feront naturellement partie.<\/p>\n<p>Heritage Counseling Clinic :<strong> Traitement de la toxicomanie &#8211; Probl\u00e8mes de la drogue<\/strong>. Nous facilitons la gu\u00e9rison.<\/p>\n<p>Nous vous invitons \u00e0 visiter nos <a href=\"https:\/\/heritagecounseling.pt\/site\/instalacoes\/\">installations<\/a>, \u00e0 connaitre notre <a href=\"https:\/\/heritagecounseling.pt\/site\/o-programa\/\">programme th\u00e9rapeutique<\/a> et <a href=\"https:\/\/heritagecounseling.pt\/site\/quemsomos\/\">notre \u00e9quipe<\/a>.<\/p>\n[\/vc_column_text][\/vc_column][\/vc_row][vc_row type=\u00a0\u00bbfull_width_content\u00a0\u00bb full_screen_row_position=\u00a0\u00bbmiddle\u00a0\u00bb bg_color=\u00a0\u00bb#e9c157&Prime; scene_position=\u00a0\u00bbcenter\u00a0\u00bb text_color=\u00a0\u00bbdark\u00a0\u00bb text_align=\u00a0\u00bbleft\u00a0\u00bb overlay_strength=\u00a0\u00bb0.5&Prime;][vc_column column_padding=\u00a0\u00bbno-extra-padding\u00a0\u00bb column_padding_position=\u00a0\u00bball\u00a0\u00bb background_color_opacity=\u00a0\u00bb1&Prime; background_hover_color_opacity=\u00a0\u00bb1&Prime; column_shadow=\u00a0\u00bbnone\u00a0\u00bb width=\u00a0\u00bb1\/1&Prime; tablet_text_alignment=\u00a0\u00bbdefault\u00a0\u00bb phone_text_alignment=\u00a0\u00bbdefault\u00a0\u00bb column_border_width=\u00a0\u00bbnone\u00a0\u00bb column_border_style=\u00a0\u00bbsolid\u00a0\u00bb]<div class=\"divider-wrap\"><div style=\"height: 30px;\" class=\"divider\"><\/div><\/div>[nectar_cta heading_tag=\u00a0\u00bbh2&Prime; text_color=\u00a0\u00bb#0a0303&Prime; link_type=\u00a0\u00bbregular\u00a0\u00bb alignment=\u00a0\u00bbcenter\u00a0\u00bb text=\u00a0\u00bbL\u2019Heritage Counseling Clinic offre le programme th\u00e9rapeutique plus complet de l\u2019Europe. \u00a0\u00bb link_text=\u00a0\u00bbRendez-nous visite!\u00a0\u00bb url=\u00a0\u00bbhttps:\/\/heritagecounseling.pt\/en\/contactos\/\u00a0\u00bb]<div class=\"divider-wrap\"><div style=\"height: 30px;\" class=\"divider\"><\/div><\/div>[\/vc_column][\/vc_row]","protected":false},"excerpt":{"rendered":"<p>[vc_row type=\u00a0\u00bbin_container\u00a0\u00bb full_screen_row_position=\u00a0\u00bbmiddle\u00a0\u00bb scene_position=\u00a0\u00bbcenter\u00a0\u00bb text_color=\u00a0\u00bbdark\u00a0\u00bb text_align=\u00a0\u00bbleft\u00a0\u00bb overlay_strength=\u00a0\u00bb0.3&Prime;][vc_column column_padding=\u00a0\u00bbno-extra-padding\u00a0\u00bb column_padding_position=\u00a0\u00bball\u00a0\u00bb background_color_opacity=\u00a0\u00bb1&Prime; background_hover_color_opacity=\u00a0\u00bb1&Prime; column_shadow=\u00a0\u00bbnone\u00a0\u00bb width=\u00a0\u00bb1\/1&Prime; tablet_text_alignment=\u00a0\u00bbdefault\u00a0\u00bb phone_text_alignment=\u00a0\u00bbdefault\u00a0\u00bb column_border_width=\u00a0\u00bbnone\u00a0\u00bb column_border_style=\u00a0\u00bbsolid\u00a0\u00bb][\/vc_column][\/vc_row][vc_row type=\u00a0\u00bbin_container\u00a0\u00bb full_screen_row_position=\u00a0\u00bbmiddle\u00a0\u00bb scene_position=\u00a0\u00bbcenter\u00a0\u00bb text_color=\u00a0\u00bbdark\u00a0\u00bb text_align=\u00a0\u00bbleft\u00a0\u00bb top_padding=\u00a0\u00bb0&Prime; bottom_padding=\u00a0\u00bb5&Prime; overlay_strength=\u00a0\u00bb0.3&Prime;][vc_column column_padding=\u00a0\u00bbno-extra-padding\u00a0\u00bb column_padding_position=\u00a0\u00bball\u00a0\u00bb background_color_opacity=\u00a0\u00bb1&Prime; background_hover_color_opacity=\u00a0\u00bb1&Prime; column_shadow=\u00a0\u00bbnone\u00a0\u00bb&#8230;<\/p>\n","protected":false},"author":1,"featured_media":0,"parent":0,"menu_order":0,"comment_status":"closed","ping_status":"closed","template":"","meta":{"footnotes":""},"class_list":["post-1152","page","type-page","status-publish","hentry"],"yoast_head":"<!-- This site is optimized with the Yoast SEO plugin v27.2 - https:\/\/yoast.com\/product\/yoast-seo-wordpress\/ -->\n<title>TOXICOMANIE - Heritage Counseling Clinic<\/title>\n<meta name=\"description\" content=\"Cl\u00ednica de tratamento de toxicodepend\u00eancia. Tratamento de excel\u00eancia com m\u00e1xima qualidade e conforto. Programa com elevadada taxa de sucesso. M\u00e1ximo sigilo.\" \/>\n<meta name=\"robots\" content=\"index, follow, max-snippet:-1, max-image-preview:large, max-video-preview:-1\" \/>\n<link rel=\"canonical\" href=\"https:\/\/heritagecounseling.pt\/toxicodependencia-problemas-com-drogas\/\" \/>\n<meta property=\"og:locale\" content=\"fr_FR\" \/>\n<meta property=\"og:type\" content=\"article\" \/>\n<meta property=\"og:title\" content=\"[:pt]TOXICODEPEND\u00caNCIA - PROBLEMAS COM DROGAS[:en]TOXICODEPEND\u00caNCIA - PROBLEMAS COM DROGAS[:fr]TOXICOMANIE[:] - Heritage Counseling Clinic\" \/>\n<meta property=\"og:description\" content=\"Cl\u00ednica de tratamento de toxicodepend\u00eancia. Tratamento de excel\u00eancia com m\u00e1xima qualidade e conforto. Programa com elevadada taxa de sucesso. M\u00e1ximo sigilo.\" \/>\n<meta property=\"og:url\" content=\"https:\/\/heritagecounseling.pt\/toxicodependencia-problemas-com-drogas\/\" \/>\n<meta property=\"og:site_name\" content=\"Heritage Counseling Clinic\" \/>\n<meta property=\"article:modified_time\" content=\"2024-06-21T11:39:39+00:00\" \/>\n<meta name=\"twitter:card\" content=\"summary_large_image\" \/>\n<meta name=\"twitter:label1\" content=\"Dur\u00e9e de lecture estim\u00e9e\" \/>\n\t<meta name=\"twitter:data1\" content=\"3 minutes\" \/>\n<script type=\"application\/ld+json\" class=\"yoast-schema-graph\">{\"@context\":\"https:\/\/schema.org\",\"@graph\":[{\"@type\":\"WebPage\",\"@id\":\"https:\/\/heritagecounseling.pt\/toxicodependencia-problemas-com-drogas\/\",\"url\":\"https:\/\/heritagecounseling.pt\/toxicodependencia-problemas-com-drogas\/\",\"name\":\"[:pt]TOXICODEPEND\u00caNCIA - PROBLEMAS COM DROGAS[:en]TOXICODEPEND\u00caNCIA - PROBLEMAS COM DROGAS[:fr]TOXICOMANIE[:] - Heritage Counseling Clinic\",\"isPartOf\":{\"@id\":\"https:\/\/heritagecounseling.pt\/#website\"},\"datePublished\":\"2018-06-26T15:22:46+00:00\",\"dateModified\":\"2024-06-21T11:39:39+00:00\",\"description\":\"Cl\u00ednica de tratamento de toxicodepend\u00eancia. Tratamento de excel\u00eancia com m\u00e1xima qualidade e conforto. Programa com elevadada taxa de sucesso. M\u00e1ximo sigilo.\",\"breadcrumb\":{\"@id\":\"https:\/\/heritagecounseling.pt\/toxicodependencia-problemas-com-drogas\/#breadcrumb\"},\"inLanguage\":\"fr-FR\",\"potentialAction\":[{\"@type\":\"ReadAction\",\"target\":[\"https:\/\/heritagecounseling.pt\/toxicodependencia-problemas-com-drogas\/\"]}]},{\"@type\":\"BreadcrumbList\",\"@id\":\"https:\/\/heritagecounseling.pt\/toxicodependencia-problemas-com-drogas\/#breadcrumb\",\"itemListElement\":[{\"@type\":\"ListItem\",\"position\":1,\"name\":\"Home\",\"item\":\"https:\/\/heritagecounseling.pt\/en\/\"},{\"@type\":\"ListItem\",\"position\":2,\"name\":\"TOXICODEPEND\u00caNCIA &#8211; PROBLEMAS COM DROGAS\"}]},{\"@type\":\"WebSite\",\"@id\":\"https:\/\/heritagecounseling.pt\/#website\",\"url\":\"https:\/\/heritagecounseling.pt\/\",\"name\":\"Heritage Counseling Clinic\",\"description\":\"Cl\u00ednica de tratamento de adi\u00e7\u00f5es e comportamentos.\",\"potentialAction\":[{\"@type\":\"SearchAction\",\"target\":{\"@type\":\"EntryPoint\",\"urlTemplate\":\"https:\/\/heritagecounseling.pt\/?s={search_term_string}\"},\"query-input\":{\"@type\":\"PropertyValueSpecification\",\"valueRequired\":true,\"valueName\":\"search_term_string\"}}],\"inLanguage\":\"fr-FR\"}]}<\/script>\n<!-- \/ Yoast SEO plugin. -->","yoast_head_json":{"title":"[:pt]TOXICODEPEND\u00caNCIA - PROBLEMAS COM DROGAS[:en]TOXICODEPEND\u00caNCIA - PROBLEMAS COM DROGAS[:fr]TOXICOMANIE[:] - Heritage Counseling Clinic","description":"Cl\u00ednica de tratamento de toxicodepend\u00eancia. Tratamento de excel\u00eancia com m\u00e1xima qualidade e conforto. Programa com elevadada taxa de sucesso. M\u00e1ximo sigilo.","robots":{"index":"index","follow":"follow","max-snippet":"max-snippet:-1","max-image-preview":"max-image-preview:large","max-video-preview":"max-video-preview:-1"},"canonical":"https:\/\/heritagecounseling.pt\/toxicodependencia-problemas-com-drogas\/","og_locale":"fr_FR","og_type":"article","og_title":"[:pt]TOXICODEPEND\u00caNCIA - PROBLEMAS COM DROGAS[:en]TOXICODEPEND\u00caNCIA - PROBLEMAS COM DROGAS[:fr]TOXICOMANIE[:] - Heritage Counseling Clinic","og_description":"Cl\u00ednica de tratamento de toxicodepend\u00eancia. Tratamento de excel\u00eancia com m\u00e1xima qualidade e conforto. Programa com elevadada taxa de sucesso. M\u00e1ximo sigilo.","og_url":"https:\/\/heritagecounseling.pt\/toxicodependencia-problemas-com-drogas\/","og_site_name":"Heritage Counseling Clinic","article_modified_time":"2024-06-21T11:39:39+00:00","twitter_card":"summary_large_image","twitter_misc":{"Dur\u00e9e de lecture estim\u00e9e":"3 minutes"},"schema":{"@context":"https:\/\/schema.org","@graph":[{"@type":"WebPage","@id":"https:\/\/heritagecounseling.pt\/toxicodependencia-problemas-com-drogas\/","url":"https:\/\/heritagecounseling.pt\/toxicodependencia-problemas-com-drogas\/","name":"[:pt]TOXICODEPEND\u00caNCIA - PROBLEMAS COM DROGAS[:en]TOXICODEPEND\u00caNCIA - PROBLEMAS COM DROGAS[:fr]TOXICOMANIE[:] - Heritage Counseling Clinic","isPartOf":{"@id":"https:\/\/heritagecounseling.pt\/#website"},"datePublished":"2018-06-26T15:22:46+00:00","dateModified":"2024-06-21T11:39:39+00:00","description":"Cl\u00ednica de tratamento de toxicodepend\u00eancia. Tratamento de excel\u00eancia com m\u00e1xima qualidade e conforto. Programa com elevadada taxa de sucesso. M\u00e1ximo sigilo.","breadcrumb":{"@id":"https:\/\/heritagecounseling.pt\/toxicodependencia-problemas-com-drogas\/#breadcrumb"},"inLanguage":"fr-FR","potentialAction":[{"@type":"ReadAction","target":["https:\/\/heritagecounseling.pt\/toxicodependencia-problemas-com-drogas\/"]}]},{"@type":"BreadcrumbList","@id":"https:\/\/heritagecounseling.pt\/toxicodependencia-problemas-com-drogas\/#breadcrumb","itemListElement":[{"@type":"ListItem","position":1,"name":"Home","item":"https:\/\/heritagecounseling.pt\/en\/"},{"@type":"ListItem","position":2,"name":"TOXICODEPEND\u00caNCIA &#8211; PROBLEMAS COM DROGAS"}]},{"@type":"WebSite","@id":"https:\/\/heritagecounseling.pt\/#website","url":"https:\/\/heritagecounseling.pt\/","name":"Heritage Counseling Clinic","description":"Cl\u00ednica de tratamento de adi\u00e7\u00f5es e comportamentos.","potentialAction":[{"@type":"SearchAction","target":{"@type":"EntryPoint","urlTemplate":"https:\/\/heritagecounseling.pt\/?s={search_term_string}"},"query-input":{"@type":"PropertyValueSpecification","valueRequired":true,"valueName":"search_term_string"}}],"inLanguage":"fr-FR"}]}},"_links":{"self":[{"href":"https:\/\/heritagecounseling.pt\/fr\/wp-json\/wp\/v2\/pages\/1152","targetHints":{"allow":["GET"]}}],"collection":[{"href":"https:\/\/heritagecounseling.pt\/fr\/wp-json\/wp\/v2\/pages"}],"about":[{"href":"https:\/\/heritagecounseling.pt\/fr\/wp-json\/wp\/v2\/types\/page"}],"author":[{"embeddable":true,"href":"https:\/\/heritagecounseling.pt\/fr\/wp-json\/wp\/v2\/users\/1"}],"replies":[{"embeddable":true,"href":"https:\/\/heritagecounseling.pt\/fr\/wp-json\/wp\/v2\/comments?post=1152"}],"version-history":[{"count":12,"href":"https:\/\/heritagecounseling.pt\/fr\/wp-json\/wp\/v2\/pages\/1152\/revisions"}],"predecessor-version":[{"id":1724,"href":"https:\/\/heritagecounseling.pt\/fr\/wp-json\/wp\/v2\/pages\/1152\/revisions\/1724"}],"wp:attachment":[{"href":"https:\/\/heritagecounseling.pt\/fr\/wp-json\/wp\/v2\/media?parent=1152"}],"curies":[{"name":"wp","href":"https:\/\/api.w.org\/{rel}","templated":true}]}}