{"id":1157,"date":"2018-06-26T15:41:09","date_gmt":"2018-06-26T15:41:09","guid":{"rendered":"https:\/\/heritagecounseling.pt\/site\/?page_id=1157"},"modified":"2024-06-21T11:50:20","modified_gmt":"2024-06-21T11:50:20","slug":"alcoolismo","status":"publish","type":"page","link":"https:\/\/heritagecounseling.pt\/en\/alcoolismo\/","title":{"rendered":"TRATAMENTO ALCOOLISMO \u2013 PROBLEMAS COM \u00c1LCOOL"},"content":{"rendered":"[vc_row type=&#8221;in_container&#8221; full_screen_row_position=&#8221;middle&#8221; scene_position=&#8221;center&#8221; text_color=&#8221;dark&#8221; text_align=&#8221;left&#8221; overlay_strength=&#8221;0.3&#8243;][vc_column column_padding=&#8221;no-extra-padding&#8221; column_padding_position=&#8221;all&#8221; background_color_opacity=&#8221;1&#8243; background_hover_color_opacity=&#8221;1&#8243; column_shadow=&#8221;none&#8221; width=&#8221;1\/1&#8243; tablet_text_alignment=&#8221;default&#8221; phone_text_alignment=&#8221;default&#8221; column_border_width=&#8221;none&#8221; column_border_style=&#8221;solid&#8221;]<div style=\"height: 650px\"  data-transition=\"slide\" data-overall_style=\"classic\" data-flexible-height=\"true\" data-animate-in-effect=\"none\" data-fullscreen=\"false\" data-button-sizing=\"regular\" data-button-styling=\"btn_with_count\" data-autorotate=\"\" data-parallax=\"false\" data-full-width=\"true\" class=\"nectar-slider-wrap \" id=\"ns-id-69e8a1bc28d82\">\r\n\t\t\t<div style=\"height: 650px\" class=\"swiper-container\"  data-tho=\"auto\" data-tco=\"auto\" data-pho=\"auto\" data-pco=\"auto\" data-loop=\"false\" data-height=\"650\" data-min-height=\"\" data-arrows=\"false\" data-bullets=\"false\" data-bullet_style=\"see_through\" data-desktop-swipe=\"false\" data-settings=\"\">\r\n\t\t\t\t    <div class=\"swiper-wrapper\"><div class=\"swiper-slide\" data-bg-alignment=\"center\" data-color-scheme=\"light\" data-x-pos=\"left\" data-y-pos=\"middle\"> \r\n\t\t\t\t\t\t\t\t<div class=\"image-bg\" style=\"background-image: url(https:\/\/heritagecounseling.pt\/wp-content\/uploads\/2018\/06\/ALCOOL.png);\"> &nbsp; <\/div><div class=\"video-texture \"> <span class=\"ie-fix\"><\/span> <\/div><\/div><!--\/swiper-slide--><\/div><div class=\"nectar-slider-loading \"> <span class=\"loading-icon none\">   <\/span> <\/div> <\/div> \r\n\t\t\t\t\r\n\t\t\t<\/div><div class=\"divider-wrap\"><div style=\"height: 50px;\" class=\"divider\"><\/div><\/div>[\/vc_column][\/vc_row][vc_row type=&#8221;in_container&#8221; full_screen_row_position=&#8221;middle&#8221; scene_position=&#8221;center&#8221; text_color=&#8221;dark&#8221; text_align=&#8221;left&#8221; top_padding=&#8221;0&#8243; bottom_padding=&#8221;5&#8243; overlay_strength=&#8221;0.3&#8243;][vc_column column_padding=&#8221;no-extra-padding&#8221; column_padding_position=&#8221;all&#8221; background_color_opacity=&#8221;1&#8243; background_hover_color_opacity=&#8221;1&#8243; column_shadow=&#8221;none&#8221; width=&#8221;1\/2&#8243; tablet_text_alignment=&#8221;default&#8221; phone_text_alignment=&#8221;default&#8221; column_border_width=&#8221;none&#8221; column_border_style=&#8221;solid&#8221;][vc_custom_heading text=&#8221;Alcoholism Treatment &#8211; Drinking Problems: Solutions!&#8221; use_theme_fonts=&#8221;yes&#8221;]<div class=\"divider-wrap\"><div style=\"height: 25px;\" class=\"divider\"><\/div><\/div>[vc_column_text]\n<h3><em>When I could no longer operate with or without alcohol and had lost control of my life.<\/em><\/h3>\n<p>Obsessive and compulsive use of alcohol (<strong>alcoholism<\/strong>) lets down an entire internal and external structure of a person. The alcoholic is devastated in a physical, psychological, and spiritual way, breaks ethical and moral values and loses the ability to interact and socialize. We believe that it is no longer necessary for the alcoholic to escape from himself and that it is possible to stop this self-destructive process (<strong>alcoholism<\/strong>) by relearning new skills and new ways of reacting to everyday problems.<\/p>\n<p><strong>Alcoholism<\/strong> impacts and damages every aspect of a family. This unhealthy dynamic often leads the alcoholic to a life of seclusion and distress. When there is a call for help, whoever might be, it will be the breaking of pain and loneliness. Proper intervention, both by family members and skilled technicians, leads to cross the bridge and hope can emerge. It is possible to interrupt the destructive process that alcoholism is responsible in the alcoholic\u2019s life.[\/vc_column_text]<div class=\"divider-wrap\"><div style=\"height: 50px;\" class=\"divider\"><\/div><\/div>[\/vc_column][vc_column column_padding=&#8221;no-extra-padding&#8221; column_padding_position=&#8221;all&#8221; background_color_opacity=&#8221;1&#8243; background_hover_color_opacity=&#8221;1&#8243; column_shadow=&#8221;none&#8221; width=&#8221;1\/2&#8243; tablet_text_alignment=&#8221;default&#8221; phone_text_alignment=&#8221;default&#8221; column_border_width=&#8221;none&#8221; column_border_style=&#8221;solid&#8221;]<div class=\"divider-wrap\"><div style=\"height: 10px;\" class=\"divider\"><\/div><\/div>[vc_column_text]\n<h3>If you are visiting us, it is because you are aware that you cannot do it on your own. Get in touch with our services, we will be pleased and interested to answer any questions.<\/h3>\n<p>We also provide personalized support for each family (<a href=\"https:\/\/heritagecounseling.pt\/en\/programa-familiar\/\">Family Program<\/a>). This program allows the enlightenment of all doubts regarding the problem and a new notion of healthy limits. In this way the patient\u2019s treatment is strengthened. It is important in this changing procedure to engage family and friends, whenever possible, who will naturally become part of it.<\/p>\n<p>Heritage Counseling Clinic: Drug Addiction Treatment \u2013 Drug Problems. We make recovery easier.<\/p>\n<p>We invite you to meet our facilities, therapeutic program and our team[\/vc_column_text][\/vc_column][\/vc_row][vc_row type=&#8221;in_container&#8221; full_screen_row_position=&#8221;middle&#8221; scene_position=&#8221;center&#8221; text_color=&#8221;dark&#8221; text_align=&#8221;left&#8221; overlay_strength=&#8221;0.3&#8243;][vc_column column_padding=&#8221;no-extra-padding&#8221; column_padding_position=&#8221;all&#8221; background_color_opacity=&#8221;1&#8243; background_hover_color_opacity=&#8221;1&#8243; column_shadow=&#8221;none&#8221; width=&#8221;1\/1&#8243; tablet_text_alignment=&#8221;default&#8221; phone_text_alignment=&#8221;default&#8221; column_border_width=&#8221;none&#8221; column_border_style=&#8221;solid&#8221;][vc_column_text]\n[\/vc_column_text][\/vc_column][\/vc_row][vc_row type=&#8221;full_width_content&#8221; full_screen_row_position=&#8221;middle&#8221; bg_color=&#8221;#e9c157&#8243; scene_position=&#8221;center&#8221; text_color=&#8221;dark&#8221; text_align=&#8221;left&#8221; overlay_strength=&#8221;0.5&#8243;][vc_column column_padding=&#8221;no-extra-padding&#8221; column_padding_position=&#8221;all&#8221; background_color_opacity=&#8221;1&#8243; background_hover_color_opacity=&#8221;1&#8243; column_shadow=&#8221;none&#8221; width=&#8221;1\/1&#8243; tablet_text_alignment=&#8221;default&#8221; phone_text_alignment=&#8221;default&#8221; column_border_width=&#8221;none&#8221; column_border_style=&#8221;solid&#8221;]<div class=\"divider-wrap\"><div style=\"height: 30px;\" class=\"divider\"><\/div><\/div>[nectar_cta heading_tag=&#8221;h2&#8243; text_color=&#8221;#0a0303&#8243; link_type=&#8221;regular&#8221; alignment=&#8221;center&#8221; text=&#8221;Heritage Counseling Clinic offers the most<br \/>\ncomplete therapeutic program in Europe.&#8221; link_text=&#8221;COME TO MEET US&#8221; url=&#8221;https:\/\/heritagecounseling.pt\/en\/contactos\/&#8221;]<div class=\"divider-wrap\"><div style=\"height: 30px;\" class=\"divider\"><\/div><\/div>[\/vc_column][\/vc_row]","protected":false},"excerpt":{"rendered":"<p>[vc_row type=&#8221;in_container&#8221; full_screen_row_position=&#8221;middle&#8221; scene_position=&#8221;center&#8221; text_color=&#8221;dark&#8221; text_align=&#8221;left&#8221; overlay_strength=&#8221;0.3&#8243;][vc_column column_padding=&#8221;no-extra-padding&#8221; column_padding_position=&#8221;all&#8221; background_color_opacity=&#8221;1&#8243; background_hover_color_opacity=&#8221;1&#8243; column_shadow=&#8221;none&#8221; width=&#8221;1\/1&#8243; tablet_text_alignment=&#8221;default&#8221; phone_text_alignment=&#8221;default&#8221; column_border_width=&#8221;none&#8221; column_border_style=&#8221;solid&#8221;][\/vc_column][\/vc_row][vc_row type=&#8221;in_container&#8221; full_screen_row_position=&#8221;middle&#8221; scene_position=&#8221;center&#8221; text_color=&#8221;dark&#8221; text_align=&#8221;left&#8221; top_padding=&#8221;0&#8243; bottom_padding=&#8221;5&#8243; overlay_strength=&#8221;0.3&#8243;][vc_column column_padding=&#8221;no-extra-padding&#8221; column_padding_position=&#8221;all&#8221; background_color_opacity=&#8221;1&#8243; background_hover_color_opacity=&#8221;1&#8243; column_shadow=&#8221;none&#8221;&#8230;<\/p>\n","protected":false},"author":1,"featured_media":0,"parent":0,"menu_order":0,"comment_status":"closed","ping_status":"closed","template":"","meta":{"footnotes":""},"class_list":["post-1157","page","type-page","status-publish","hentry"],"yoast_head":"<!-- This site is optimized with the Yoast SEO plugin v27.2 - https:\/\/yoast.com\/product\/yoast-seo-wordpress\/ -->\n<title>TRATAMENTO ALCOOLISMO \u2013 PROBLEMAS COM \u00c1LCOOL - Heritage Counseling Clinic<\/title>\n<meta name=\"robots\" content=\"index, follow, max-snippet:-1, max-image-preview:large, max-video-preview:-1\" \/>\n<link rel=\"canonical\" href=\"https:\/\/heritagecounseling.pt\/alcoolismo\/\" \/>\n<meta property=\"og:locale\" content=\"en_US\" \/>\n<meta property=\"og:type\" content=\"article\" \/>\n<meta property=\"og:title\" content=\"[:pt]TRATAMENTO ALCOOLISMO \u2013 PROBLEMAS COM \u00c1LCOOL[:en]TRATAMENTO ALCOOLISMO \u2013 PROBLEMAS COM \u00c1LCOOL[:fr]TRAITEMENT DE L&#039;ALCOOLISME - LES PROBL\u00c8MES D\u2019ALCOOL[:] - Heritage Counseling Clinic\" \/>\n<meta property=\"og:description\" content=\"[vc_row type=&#8221;in_container&#8221; full_screen_row_position=&#8221;middle&#8221; scene_position=&#8221;center&#8221; text_color=&#8221;dark&#8221; text_align=&#8221;left&#8221; overlay_strength=&#8221;0.3&#8243;][vc_column column_padding=&#8221;no-extra-padding&#8221; column_padding_position=&#8221;all&#8221; background_color_opacity=&#8221;1&#8243; background_hover_color_opacity=&#8221;1&#8243; column_shadow=&#8221;none&#8221; width=&#8221;1\/1&#8243; tablet_text_alignment=&#8221;default&#8221; phone_text_alignment=&#8221;default&#8221; column_border_width=&#8221;none&#8221; column_border_style=&#8221;solid&#8221;][\/vc_column][\/vc_row][vc_row type=&#8221;in_container&#8221; full_screen_row_position=&#8221;middle&#8221; scene_position=&#8221;center&#8221; text_color=&#8221;dark&#8221; text_align=&#8221;left&#8221; top_padding=&#8221;0&#8243; bottom_padding=&#8221;5&#8243; overlay_strength=&#8221;0.3&#8243;][vc_column column_padding=&#8221;no-extra-padding&#8221; column_padding_position=&#8221;all&#8221; background_color_opacity=&#8221;1&#8243; background_hover_color_opacity=&#8221;1&#8243; column_shadow=&#8221;none&#8221;...\" \/>\n<meta property=\"og:url\" content=\"https:\/\/heritagecounseling.pt\/alcoolismo\/\" \/>\n<meta property=\"og:site_name\" content=\"Heritage Counseling Clinic\" \/>\n<meta property=\"article:modified_time\" content=\"2024-06-21T11:50:20+00:00\" \/>\n<meta name=\"twitter:card\" content=\"summary_large_image\" \/>\n<meta name=\"twitter:label1\" content=\"Est. reading time\" \/>\n\t<meta name=\"twitter:data1\" content=\"2 minutes\" \/>\n<script type=\"application\/ld+json\" class=\"yoast-schema-graph\">{\"@context\":\"https:\/\/schema.org\",\"@graph\":[{\"@type\":\"WebPage\",\"@id\":\"https:\/\/heritagecounseling.pt\/alcoolismo\/\",\"url\":\"https:\/\/heritagecounseling.pt\/alcoolismo\/\",\"name\":\"[:pt]TRATAMENTO ALCOOLISMO \u2013 PROBLEMAS COM \u00c1LCOOL[:en]TRATAMENTO ALCOOLISMO \u2013 PROBLEMAS COM \u00c1LCOOL[:fr]TRAITEMENT DE L'ALCOOLISME - LES PROBL\u00c8MES D\u2019ALCOOL[:] - Heritage Counseling Clinic\",\"isPartOf\":{\"@id\":\"https:\/\/heritagecounseling.pt\/#website\"},\"datePublished\":\"2018-06-26T15:41:09+00:00\",\"dateModified\":\"2024-06-21T11:50:20+00:00\",\"breadcrumb\":{\"@id\":\"https:\/\/heritagecounseling.pt\/alcoolismo\/#breadcrumb\"},\"inLanguage\":\"en-US\",\"potentialAction\":[{\"@type\":\"ReadAction\",\"target\":[\"https:\/\/heritagecounseling.pt\/alcoolismo\/\"]}]},{\"@type\":\"BreadcrumbList\",\"@id\":\"https:\/\/heritagecounseling.pt\/alcoolismo\/#breadcrumb\",\"itemListElement\":[{\"@type\":\"ListItem\",\"position\":1,\"name\":\"Home\",\"item\":\"https:\/\/heritagecounseling.pt\/en\/\"},{\"@type\":\"ListItem\",\"position\":2,\"name\":\"TRATAMENTO ALCOOLISMO \u2013 PROBLEMAS COM \u00c1LCOOL\"}]},{\"@type\":\"WebSite\",\"@id\":\"https:\/\/heritagecounseling.pt\/#website\",\"url\":\"https:\/\/heritagecounseling.pt\/\",\"name\":\"Heritage Counseling Clinic\",\"description\":\"Cl\u00ednica de tratamento de adi\u00e7\u00f5es e comportamentos.\",\"potentialAction\":[{\"@type\":\"SearchAction\",\"target\":{\"@type\":\"EntryPoint\",\"urlTemplate\":\"https:\/\/heritagecounseling.pt\/?s={search_term_string}\"},\"query-input\":{\"@type\":\"PropertyValueSpecification\",\"valueRequired\":true,\"valueName\":\"search_term_string\"}}],\"inLanguage\":\"en-US\"}]}<\/script>\n<!-- \/ Yoast SEO plugin. -->","yoast_head_json":{"title":"[:pt]TRATAMENTO ALCOOLISMO \u2013 PROBLEMAS COM \u00c1LCOOL[:en]TRATAMENTO ALCOOLISMO \u2013 PROBLEMAS COM \u00c1LCOOL[:fr]TRAITEMENT DE L'ALCOOLISME - LES PROBL\u00c8MES D\u2019ALCOOL[:] - Heritage Counseling Clinic","robots":{"index":"index","follow":"follow","max-snippet":"max-snippet:-1","max-image-preview":"max-image-preview:large","max-video-preview":"max-video-preview:-1"},"canonical":"https:\/\/heritagecounseling.pt\/alcoolismo\/","og_locale":"en_US","og_type":"article","og_title":"[:pt]TRATAMENTO ALCOOLISMO \u2013 PROBLEMAS COM \u00c1LCOOL[:en]TRATAMENTO ALCOOLISMO \u2013 PROBLEMAS COM \u00c1LCOOL[:fr]TRAITEMENT DE L'ALCOOLISME - LES PROBL\u00c8MES D\u2019ALCOOL[:] - Heritage Counseling Clinic","og_description":"[vc_row type=&#8221;in_container&#8221; full_screen_row_position=&#8221;middle&#8221; scene_position=&#8221;center&#8221; text_color=&#8221;dark&#8221; text_align=&#8221;left&#8221; overlay_strength=&#8221;0.3&#8243;][vc_column column_padding=&#8221;no-extra-padding&#8221; column_padding_position=&#8221;all&#8221; background_color_opacity=&#8221;1&#8243; background_hover_color_opacity=&#8221;1&#8243; column_shadow=&#8221;none&#8221; width=&#8221;1\/1&#8243; tablet_text_alignment=&#8221;default&#8221; phone_text_alignment=&#8221;default&#8221; column_border_width=&#8221;none&#8221; column_border_style=&#8221;solid&#8221;][\/vc_column][\/vc_row][vc_row type=&#8221;in_container&#8221; full_screen_row_position=&#8221;middle&#8221; scene_position=&#8221;center&#8221; text_color=&#8221;dark&#8221; text_align=&#8221;left&#8221; top_padding=&#8221;0&#8243; bottom_padding=&#8221;5&#8243; overlay_strength=&#8221;0.3&#8243;][vc_column column_padding=&#8221;no-extra-padding&#8221; column_padding_position=&#8221;all&#8221; background_color_opacity=&#8221;1&#8243; background_hover_color_opacity=&#8221;1&#8243; column_shadow=&#8221;none&#8221;...","og_url":"https:\/\/heritagecounseling.pt\/alcoolismo\/","og_site_name":"Heritage Counseling Clinic","article_modified_time":"2024-06-21T11:50:20+00:00","twitter_card":"summary_large_image","twitter_misc":{"Est. reading time":"2 minutes"},"schema":{"@context":"https:\/\/schema.org","@graph":[{"@type":"WebPage","@id":"https:\/\/heritagecounseling.pt\/alcoolismo\/","url":"https:\/\/heritagecounseling.pt\/alcoolismo\/","name":"[:pt]TRATAMENTO ALCOOLISMO \u2013 PROBLEMAS COM \u00c1LCOOL[:en]TRATAMENTO ALCOOLISMO \u2013 PROBLEMAS COM \u00c1LCOOL[:fr]TRAITEMENT DE L'ALCOOLISME - LES PROBL\u00c8MES D\u2019ALCOOL[:] - Heritage Counseling Clinic","isPartOf":{"@id":"https:\/\/heritagecounseling.pt\/#website"},"datePublished":"2018-06-26T15:41:09+00:00","dateModified":"2024-06-21T11:50:20+00:00","breadcrumb":{"@id":"https:\/\/heritagecounseling.pt\/alcoolismo\/#breadcrumb"},"inLanguage":"en-US","potentialAction":[{"@type":"ReadAction","target":["https:\/\/heritagecounseling.pt\/alcoolismo\/"]}]},{"@type":"BreadcrumbList","@id":"https:\/\/heritagecounseling.pt\/alcoolismo\/#breadcrumb","itemListElement":[{"@type":"ListItem","position":1,"name":"Home","item":"https:\/\/heritagecounseling.pt\/en\/"},{"@type":"ListItem","position":2,"name":"TRATAMENTO ALCOOLISMO \u2013 PROBLEMAS COM \u00c1LCOOL"}]},{"@type":"WebSite","@id":"https:\/\/heritagecounseling.pt\/#website","url":"https:\/\/heritagecounseling.pt\/","name":"Heritage Counseling Clinic","description":"Cl\u00ednica de tratamento de adi\u00e7\u00f5es e comportamentos.","potentialAction":[{"@type":"SearchAction","target":{"@type":"EntryPoint","urlTemplate":"https:\/\/heritagecounseling.pt\/?s={search_term_string}"},"query-input":{"@type":"PropertyValueSpecification","valueRequired":true,"valueName":"search_term_string"}}],"inLanguage":"en-US"}]}},"_links":{"self":[{"href":"https:\/\/heritagecounseling.pt\/en\/wp-json\/wp\/v2\/pages\/1157","targetHints":{"allow":["GET"]}}],"collection":[{"href":"https:\/\/heritagecounseling.pt\/en\/wp-json\/wp\/v2\/pages"}],"about":[{"href":"https:\/\/heritagecounseling.pt\/en\/wp-json\/wp\/v2\/types\/page"}],"author":[{"embeddable":true,"href":"https:\/\/heritagecounseling.pt\/en\/wp-json\/wp\/v2\/users\/1"}],"replies":[{"embeddable":true,"href":"https:\/\/heritagecounseling.pt\/en\/wp-json\/wp\/v2\/comments?post=1157"}],"version-history":[{"count":16,"href":"https:\/\/heritagecounseling.pt\/en\/wp-json\/wp\/v2\/pages\/1157\/revisions"}],"predecessor-version":[{"id":1725,"href":"https:\/\/heritagecounseling.pt\/en\/wp-json\/wp\/v2\/pages\/1157\/revisions\/1725"}],"wp:attachment":[{"href":"https:\/\/heritagecounseling.pt\/en\/wp-json\/wp\/v2\/media?parent=1157"}],"curies":[{"name":"wp","href":"https:\/\/api.w.org\/{rel}","templated":true}]}}