{"id":1152,"date":"2018-06-26T15:22:46","date_gmt":"2018-06-26T15:22:46","guid":{"rendered":"https:\/\/heritagecounseling.pt\/site\/?page_id=1152"},"modified":"2024-06-21T11:39:39","modified_gmt":"2024-06-21T11:39:39","slug":"toxicodependencia-problemas-com-drogas","status":"publish","type":"page","link":"https:\/\/heritagecounseling.pt\/en\/toxicodependencia-problemas-com-drogas\/","title":{"rendered":"TOXICODEPEND\u00caNCIA &#8211; PROBLEMAS COM DROGAS"},"content":{"rendered":"[vc_row type=&#8221;in_container&#8221; full_screen_row_position=&#8221;middle&#8221; scene_position=&#8221;center&#8221; text_color=&#8221;dark&#8221; text_align=&#8221;left&#8221; overlay_strength=&#8221;0.3&#8243;][vc_column column_padding=&#8221;no-extra-padding&#8221; column_padding_position=&#8221;all&#8221; background_color_opacity=&#8221;1&#8243; background_hover_color_opacity=&#8221;1&#8243; column_shadow=&#8221;none&#8221; width=&#8221;1\/1&#8243; tablet_text_alignment=&#8221;default&#8221; phone_text_alignment=&#8221;default&#8221; column_border_width=&#8221;none&#8221; column_border_style=&#8221;solid&#8221;]<div style=\"height: 650px\"  data-transition=\"slide\" data-overall_style=\"classic\" data-flexible-height=\"true\" data-animate-in-effect=\"none\" data-fullscreen=\"false\" data-button-sizing=\"regular\" data-button-styling=\"btn_with_count\" data-autorotate=\"\" data-parallax=\"false\" data-full-width=\"true\" class=\"nectar-slider-wrap \" id=\"ns-id-69e88519a6a66\">\r\n\t\t\t<div style=\"height: 650px\" class=\"swiper-container\"  data-tho=\"auto\" data-tco=\"auto\" data-pho=\"auto\" data-pco=\"auto\" data-loop=\"false\" data-height=\"650\" data-min-height=\"\" data-arrows=\"false\" data-bullets=\"false\" data-bullet_style=\"see_through\" data-desktop-swipe=\"false\" data-settings=\"\">\r\n\t\t\t\t    <div class=\"swiper-wrapper\"><div class=\"swiper-slide\" data-bg-alignment=\"center\" data-color-scheme=\"light\" data-x-pos=\"left\" data-y-pos=\"middle\"> \r\n\t\t\t\t\t\t\t\t<div class=\"image-bg\" style=\"background-image: url(https:\/\/heritagecounseling.pt\/wp-content\/uploads\/2018\/06\/DRUGS.png);\"> &nbsp; <\/div><div class=\"video-texture \"> <span class=\"ie-fix\"><\/span> <\/div><\/div><!--\/swiper-slide--><\/div><div class=\"nectar-slider-loading \"> <span class=\"loading-icon none\">   <\/span> <\/div> <\/div> \r\n\t\t\t\t\r\n\t\t\t<\/div><div class=\"divider-wrap\"><div style=\"height: 50px;\" class=\"divider\"><\/div><\/div>[\/vc_column][\/vc_row][vc_row type=&#8221;in_container&#8221; full_screen_row_position=&#8221;middle&#8221; scene_position=&#8221;center&#8221; text_color=&#8221;dark&#8221; text_align=&#8221;left&#8221; top_padding=&#8221;0&#8243; bottom_padding=&#8221;5&#8243; overlay_strength=&#8221;0.3&#8243;][vc_column column_padding=&#8221;no-extra-padding&#8221; column_padding_position=&#8221;all&#8221; background_color_opacity=&#8221;1&#8243; background_hover_color_opacity=&#8221;1&#8243; column_shadow=&#8221;none&#8221; width=&#8221;1\/2&#8243; tablet_text_alignment=&#8221;default&#8221; phone_text_alignment=&#8221;default&#8221; column_border_width=&#8221;none&#8221; column_border_style=&#8221;solid&#8221;][vc_custom_heading text=&#8221;Drug Addiction &#8221; use_theme_fonts=&#8221;yes&#8221;]<div class=\"divider-wrap\"><div style=\"height: 25px;\" class=\"divider\"><\/div><\/div>[vc_column_text]Drug use <strong>(drug addiction)<\/strong> is still one of the main scourges in the world today. Premature death, risk of disease and troubles with the law are part of a drug addict\u2019s reality.<\/p>\n<p>A drug addicted gradually turns his back on his family and work responsibilities. Even the simplest things in life, like going to a football match, to go fishing, hiking etc., are left behind.<\/p>\n<p>The obsession with the drug use <strong>(drug addiction)<\/strong> and finding ways to get more, changes people breaking all moral and ethical values.<\/p>\n<p>All mind-changers are drugs, whether considered legal or not. If you are suffering from drug use or if you know someone who is close to you, disconnected and in pain, you need help getting back to being that person eager to live and full of goals who one day got lost along the way. We all make wrong choices but making the same mistake repeatedly is a sign of recklessness.[\/vc_column_text]<div class=\"divider-wrap\"><div style=\"height: 50px;\" class=\"divider\"><\/div><\/div>[\/vc_column][vc_column column_padding=&#8221;no-extra-padding&#8221; column_padding_position=&#8221;all&#8221; background_color_opacity=&#8221;1&#8243; background_hover_color_opacity=&#8221;1&#8243; column_shadow=&#8221;none&#8221; width=&#8221;1\/2&#8243; tablet_text_alignment=&#8221;default&#8221; phone_text_alignment=&#8221;default&#8221; column_border_width=&#8221;none&#8221; column_border_style=&#8221;solid&#8221;]<div class=\"divider-wrap\"><div style=\"height: 10px;\" class=\"divider\"><\/div><\/div>[vc_column_text]\n<h3><em>Why can&#8217;t I?<\/em><\/h3>\n<p>We are aware that you cannot make it you on your own. This struggle can only be overcome in a safe structure and with skilled technicians who will treat you as a unique being.<\/p>\n<p>We know that alone you are not being able. This difficulty is only overcome in a safe structure and with skilled technicians who will treat you as a unique being. We believe that we have the solution. In a supportive and professional environment, you will develop skills that you still don\u00b4t know. Do not hesitate to contact us if you want to start this changing procedure. We will listen to you and give you the solution you are looking for.<\/p>\n<p>We also provide personalized support for each family ( <a href=\"https:\/\/translate.google.com\/translate?hl=pt-PT&amp;prev=_t&amp;sl=pt-BR&amp;tl=en&amp;u=https:\/\/heritagecounseling.pt\/site\/programa-familiar\/\">Family Program<\/a> ).\u00a0This program allows the enlightenment of all doubts regarding the problem and a new notion of healthy limits. In this way the patient\u2019s treatment is strengthened. It is important in this changing procedure to engage family and friends, whenever possible, who will naturally become part of it.<\/p>\n<p>Heritage Counseling Clinic: <strong>Drug Addiction Treatment<\/strong> \u2013 Drug Problems. We make recovery easier.<\/p>\n<p>We invite you to meet our <a href=\"https:\/\/translate.google.com\/translate?hl=pt-PT&amp;prev=_t&amp;sl=pt-BR&amp;tl=en&amp;u=https:\/\/heritagecounseling.pt\/site\/instalacoes\/\">facilities<\/a> , <a href=\"https:\/\/translate.google.com\/translate?hl=pt-PT&amp;prev=_t&amp;sl=pt-BR&amp;tl=en&amp;u=https:\/\/heritagecounseling.pt\/site\/o-programa\/\">therapeutic program<\/a> and <a href=\"https:\/\/translate.google.com\/translate?hl=pt-PT&amp;prev=_t&amp;sl=pt-BR&amp;tl=en&amp;u=https:\/\/heritagecounseling.pt\/site\/quemsomos\/\">our team<\/a> .[\/vc_column_text][\/vc_column][\/vc_row][vc_row type=&#8221;full_width_content&#8221; full_screen_row_position=&#8221;middle&#8221; bg_color=&#8221;#e9c157&#8243; scene_position=&#8221;center&#8221; text_color=&#8221;dark&#8221; text_align=&#8221;left&#8221; overlay_strength=&#8221;0.5&#8243;][vc_column column_padding=&#8221;no-extra-padding&#8221; column_padding_position=&#8221;all&#8221; background_color_opacity=&#8221;1&#8243; background_hover_color_opacity=&#8221;1&#8243; column_shadow=&#8221;none&#8221; width=&#8221;1\/1&#8243; tablet_text_alignment=&#8221;default&#8221; phone_text_alignment=&#8221;default&#8221; column_border_width=&#8221;none&#8221; column_border_style=&#8221;solid&#8221;]<div class=\"divider-wrap\"><div style=\"height: 30px;\" class=\"divider\"><\/div><\/div>[nectar_cta heading_tag=&#8221;h2&#8243; text_color=&#8221;#0a0303&#8243; link_type=&#8221;regular&#8221; alignment=&#8221;center&#8221; text=&#8221;Heritage Counseling Clinic offers the most<br \/>\ncomplete therapeutic program in Europe.&#8221; link_text=&#8221;COME TO MEET US&#8221; url=&#8221;https:\/\/heritagecounseling.pt\/en\/contactos\/&#8221;]<div class=\"divider-wrap\"><div style=\"height: 30px;\" class=\"divider\"><\/div><\/div>[\/vc_column][\/vc_row]","protected":false},"excerpt":{"rendered":"<p>[vc_row type=&#8221;in_container&#8221; full_screen_row_position=&#8221;middle&#8221; scene_position=&#8221;center&#8221; text_color=&#8221;dark&#8221; text_align=&#8221;left&#8221; overlay_strength=&#8221;0.3&#8243;][vc_column column_padding=&#8221;no-extra-padding&#8221; column_padding_position=&#8221;all&#8221; background_color_opacity=&#8221;1&#8243; background_hover_color_opacity=&#8221;1&#8243; column_shadow=&#8221;none&#8221; width=&#8221;1\/1&#8243; tablet_text_alignment=&#8221;default&#8221; phone_text_alignment=&#8221;default&#8221; column_border_width=&#8221;none&#8221; column_border_style=&#8221;solid&#8221;][\/vc_column][\/vc_row][vc_row type=&#8221;in_container&#8221; full_screen_row_position=&#8221;middle&#8221; scene_position=&#8221;center&#8221; text_color=&#8221;dark&#8221; text_align=&#8221;left&#8221; top_padding=&#8221;0&#8243; bottom_padding=&#8221;5&#8243; overlay_strength=&#8221;0.3&#8243;][vc_column column_padding=&#8221;no-extra-padding&#8221; column_padding_position=&#8221;all&#8221; background_color_opacity=&#8221;1&#8243; background_hover_color_opacity=&#8221;1&#8243; column_shadow=&#8221;none&#8221;&#8230;<\/p>\n","protected":false},"author":1,"featured_media":0,"parent":0,"menu_order":0,"comment_status":"closed","ping_status":"closed","template":"","meta":{"footnotes":""},"class_list":["post-1152","page","type-page","status-publish","hentry"],"yoast_head":"<!-- This site is optimized with the Yoast SEO plugin v27.2 - https:\/\/yoast.com\/product\/yoast-seo-wordpress\/ -->\n<title>TOXICODEPEND\u00caNCIA - PROBLEMAS COM DROGAS - Heritage Counseling Clinic<\/title>\n<meta name=\"description\" content=\"Cl\u00ednica de tratamento de toxicodepend\u00eancia. Tratamento de excel\u00eancia com m\u00e1xima qualidade e conforto. Programa com elevadada taxa de sucesso. M\u00e1ximo sigilo.\" \/>\n<meta name=\"robots\" content=\"index, follow, max-snippet:-1, max-image-preview:large, max-video-preview:-1\" \/>\n<link rel=\"canonical\" href=\"https:\/\/heritagecounseling.pt\/toxicodependencia-problemas-com-drogas\/\" \/>\n<meta property=\"og:locale\" content=\"en_US\" \/>\n<meta property=\"og:type\" content=\"article\" \/>\n<meta property=\"og:title\" content=\"[:pt]TOXICODEPEND\u00caNCIA - PROBLEMAS COM DROGAS[:en]TOXICODEPEND\u00caNCIA - PROBLEMAS COM DROGAS[:fr]TOXICOMANIE[:] - Heritage Counseling Clinic\" \/>\n<meta property=\"og:description\" content=\"Cl\u00ednica de tratamento de toxicodepend\u00eancia. Tratamento de excel\u00eancia com m\u00e1xima qualidade e conforto. Programa com elevadada taxa de sucesso. M\u00e1ximo sigilo.\" \/>\n<meta property=\"og:url\" content=\"https:\/\/heritagecounseling.pt\/toxicodependencia-problemas-com-drogas\/\" \/>\n<meta property=\"og:site_name\" content=\"Heritage Counseling Clinic\" \/>\n<meta property=\"article:modified_time\" content=\"2024-06-21T11:39:39+00:00\" \/>\n<meta name=\"twitter:card\" content=\"summary_large_image\" \/>\n<meta name=\"twitter:label1\" content=\"Est. reading time\" \/>\n\t<meta name=\"twitter:data1\" content=\"3 minutes\" \/>\n<script type=\"application\/ld+json\" class=\"yoast-schema-graph\">{\"@context\":\"https:\/\/schema.org\",\"@graph\":[{\"@type\":\"WebPage\",\"@id\":\"https:\/\/heritagecounseling.pt\/toxicodependencia-problemas-com-drogas\/\",\"url\":\"https:\/\/heritagecounseling.pt\/toxicodependencia-problemas-com-drogas\/\",\"name\":\"[:pt]TOXICODEPEND\u00caNCIA - PROBLEMAS COM DROGAS[:en]TOXICODEPEND\u00caNCIA - PROBLEMAS COM DROGAS[:fr]TOXICOMANIE[:] - Heritage Counseling Clinic\",\"isPartOf\":{\"@id\":\"https:\/\/heritagecounseling.pt\/#website\"},\"datePublished\":\"2018-06-26T15:22:46+00:00\",\"dateModified\":\"2024-06-21T11:39:39+00:00\",\"description\":\"Cl\u00ednica de tratamento de toxicodepend\u00eancia. Tratamento de excel\u00eancia com m\u00e1xima qualidade e conforto. Programa com elevadada taxa de sucesso. M\u00e1ximo sigilo.\",\"breadcrumb\":{\"@id\":\"https:\/\/heritagecounseling.pt\/toxicodependencia-problemas-com-drogas\/#breadcrumb\"},\"inLanguage\":\"en-US\",\"potentialAction\":[{\"@type\":\"ReadAction\",\"target\":[\"https:\/\/heritagecounseling.pt\/toxicodependencia-problemas-com-drogas\/\"]}]},{\"@type\":\"BreadcrumbList\",\"@id\":\"https:\/\/heritagecounseling.pt\/toxicodependencia-problemas-com-drogas\/#breadcrumb\",\"itemListElement\":[{\"@type\":\"ListItem\",\"position\":1,\"name\":\"Home\",\"item\":\"https:\/\/heritagecounseling.pt\/en\/\"},{\"@type\":\"ListItem\",\"position\":2,\"name\":\"TOXICODEPEND\u00caNCIA &#8211; PROBLEMAS COM DROGAS\"}]},{\"@type\":\"WebSite\",\"@id\":\"https:\/\/heritagecounseling.pt\/#website\",\"url\":\"https:\/\/heritagecounseling.pt\/\",\"name\":\"Heritage Counseling Clinic\",\"description\":\"Cl\u00ednica de tratamento de adi\u00e7\u00f5es e comportamentos.\",\"potentialAction\":[{\"@type\":\"SearchAction\",\"target\":{\"@type\":\"EntryPoint\",\"urlTemplate\":\"https:\/\/heritagecounseling.pt\/?s={search_term_string}\"},\"query-input\":{\"@type\":\"PropertyValueSpecification\",\"valueRequired\":true,\"valueName\":\"search_term_string\"}}],\"inLanguage\":\"en-US\"}]}<\/script>\n<!-- \/ Yoast SEO plugin. -->","yoast_head_json":{"title":"[:pt]TOXICODEPEND\u00caNCIA - PROBLEMAS COM DROGAS[:en]TOXICODEPEND\u00caNCIA - PROBLEMAS COM DROGAS[:fr]TOXICOMANIE[:] - Heritage Counseling Clinic","description":"Cl\u00ednica de tratamento de toxicodepend\u00eancia. Tratamento de excel\u00eancia com m\u00e1xima qualidade e conforto. Programa com elevadada taxa de sucesso. M\u00e1ximo sigilo.","robots":{"index":"index","follow":"follow","max-snippet":"max-snippet:-1","max-image-preview":"max-image-preview:large","max-video-preview":"max-video-preview:-1"},"canonical":"https:\/\/heritagecounseling.pt\/toxicodependencia-problemas-com-drogas\/","og_locale":"en_US","og_type":"article","og_title":"[:pt]TOXICODEPEND\u00caNCIA - PROBLEMAS COM DROGAS[:en]TOXICODEPEND\u00caNCIA - PROBLEMAS COM DROGAS[:fr]TOXICOMANIE[:] - Heritage Counseling Clinic","og_description":"Cl\u00ednica de tratamento de toxicodepend\u00eancia. Tratamento de excel\u00eancia com m\u00e1xima qualidade e conforto. Programa com elevadada taxa de sucesso. M\u00e1ximo sigilo.","og_url":"https:\/\/heritagecounseling.pt\/toxicodependencia-problemas-com-drogas\/","og_site_name":"Heritage Counseling Clinic","article_modified_time":"2024-06-21T11:39:39+00:00","twitter_card":"summary_large_image","twitter_misc":{"Est. reading time":"3 minutes"},"schema":{"@context":"https:\/\/schema.org","@graph":[{"@type":"WebPage","@id":"https:\/\/heritagecounseling.pt\/toxicodependencia-problemas-com-drogas\/","url":"https:\/\/heritagecounseling.pt\/toxicodependencia-problemas-com-drogas\/","name":"[:pt]TOXICODEPEND\u00caNCIA - PROBLEMAS COM DROGAS[:en]TOXICODEPEND\u00caNCIA - PROBLEMAS COM DROGAS[:fr]TOXICOMANIE[:] - Heritage Counseling Clinic","isPartOf":{"@id":"https:\/\/heritagecounseling.pt\/#website"},"datePublished":"2018-06-26T15:22:46+00:00","dateModified":"2024-06-21T11:39:39+00:00","description":"Cl\u00ednica de tratamento de toxicodepend\u00eancia. Tratamento de excel\u00eancia com m\u00e1xima qualidade e conforto. Programa com elevadada taxa de sucesso. M\u00e1ximo sigilo.","breadcrumb":{"@id":"https:\/\/heritagecounseling.pt\/toxicodependencia-problemas-com-drogas\/#breadcrumb"},"inLanguage":"en-US","potentialAction":[{"@type":"ReadAction","target":["https:\/\/heritagecounseling.pt\/toxicodependencia-problemas-com-drogas\/"]}]},{"@type":"BreadcrumbList","@id":"https:\/\/heritagecounseling.pt\/toxicodependencia-problemas-com-drogas\/#breadcrumb","itemListElement":[{"@type":"ListItem","position":1,"name":"Home","item":"https:\/\/heritagecounseling.pt\/en\/"},{"@type":"ListItem","position":2,"name":"TOXICODEPEND\u00caNCIA &#8211; PROBLEMAS COM DROGAS"}]},{"@type":"WebSite","@id":"https:\/\/heritagecounseling.pt\/#website","url":"https:\/\/heritagecounseling.pt\/","name":"Heritage Counseling Clinic","description":"Cl\u00ednica de tratamento de adi\u00e7\u00f5es e comportamentos.","potentialAction":[{"@type":"SearchAction","target":{"@type":"EntryPoint","urlTemplate":"https:\/\/heritagecounseling.pt\/?s={search_term_string}"},"query-input":{"@type":"PropertyValueSpecification","valueRequired":true,"valueName":"search_term_string"}}],"inLanguage":"en-US"}]}},"_links":{"self":[{"href":"https:\/\/heritagecounseling.pt\/en\/wp-json\/wp\/v2\/pages\/1152","targetHints":{"allow":["GET"]}}],"collection":[{"href":"https:\/\/heritagecounseling.pt\/en\/wp-json\/wp\/v2\/pages"}],"about":[{"href":"https:\/\/heritagecounseling.pt\/en\/wp-json\/wp\/v2\/types\/page"}],"author":[{"embeddable":true,"href":"https:\/\/heritagecounseling.pt\/en\/wp-json\/wp\/v2\/users\/1"}],"replies":[{"embeddable":true,"href":"https:\/\/heritagecounseling.pt\/en\/wp-json\/wp\/v2\/comments?post=1152"}],"version-history":[{"count":12,"href":"https:\/\/heritagecounseling.pt\/en\/wp-json\/wp\/v2\/pages\/1152\/revisions"}],"predecessor-version":[{"id":1724,"href":"https:\/\/heritagecounseling.pt\/en\/wp-json\/wp\/v2\/pages\/1152\/revisions\/1724"}],"wp:attachment":[{"href":"https:\/\/heritagecounseling.pt\/en\/wp-json\/wp\/v2\/media?parent=1152"}],"curies":[{"name":"wp","href":"https:\/\/api.w.org\/{rel}","templated":true}]}}