{"id":1131,"date":"2018-06-26T11:13:41","date_gmt":"2018-06-26T11:13:41","guid":{"rendered":"https:\/\/heritagecounseling.pt\/site\/?page_id=1131"},"modified":"2025-11-06T09:08:43","modified_gmt":"2025-11-06T09:08:43","slug":"actividades","status":"publish","type":"page","link":"https:\/\/heritagecounseling.pt\/en\/actividades\/","title":{"rendered":"ACTIVIDADES"},"content":{"rendered":"[vc_row type=&#8221;in_container&#8221; full_screen_row_position=&#8221;middle&#8221; scene_position=&#8221;center&#8221; text_color=&#8221;dark&#8221; text_align=&#8221;left&#8221; overlay_strength=&#8221;0.3&#8243;][vc_column column_padding=&#8221;no-extra-padding&#8221; column_padding_position=&#8221;all&#8221; background_color_opacity=&#8221;1&#8243; background_hover_color_opacity=&#8221;1&#8243; column_shadow=&#8221;none&#8221; width=&#8221;1\/1&#8243; tablet_text_alignment=&#8221;default&#8221; phone_text_alignment=&#8221;default&#8221; column_border_width=&#8221;none&#8221; column_border_style=&#8221;solid&#8221;]<div style=\"height: 650px\"  data-transition=\"slide\" data-overall_style=\"classic\" data-flexible-height=\"true\" data-animate-in-effect=\"none\" data-fullscreen=\"false\" data-button-sizing=\"regular\" data-button-styling=\"btn_with_count\" data-autorotate=\"\" data-parallax=\"false\" data-full-width=\"true\" class=\"nectar-slider-wrap \" id=\"ns-id-69f5773c17ee5\">\r\n\t\t\t<div style=\"height: 650px\" class=\"swiper-container\"  data-tho=\"auto\" data-tco=\"auto\" data-pho=\"auto\" data-pco=\"auto\" data-loop=\"false\" data-height=\"650\" data-min-height=\"\" data-arrows=\"false\" data-bullets=\"false\" data-bullet_style=\"see_through\" data-desktop-swipe=\"false\" data-settings=\"\">\r\n\t\t\t\t    <div class=\"swiper-wrapper\"><div class=\"swiper-slide\" data-bg-alignment=\"center\" data-color-scheme=\"light\" data-x-pos=\"left\" data-y-pos=\"middle\"> \r\n\t\t\t\t\t\t\t\t<div class=\"image-bg\" style=\"background-image: url(https:\/\/heritagecounseling.pt\/wp-content\/uploads\/2018\/06\/actividades2.png);\"> &nbsp; <\/div><div class=\"video-texture \"> <span class=\"ie-fix\"><\/span> <\/div><\/div><!--\/swiper-slide--><\/div><div class=\"nectar-slider-loading \"> <span class=\"loading-icon none\">   <\/span> <\/div> <\/div> \r\n\t\t\t\t\r\n\t\t\t<\/div><div class=\"divider-wrap\"><div style=\"height: 25px;\" class=\"divider\"><\/div><\/div>[\/vc_column][\/vc_row][vc_row type=&#8221;in_container&#8221; full_screen_row_position=&#8221;middle&#8221; scene_position=&#8221;center&#8221; text_color=&#8221;dark&#8221; text_align=&#8221;left&#8221; top_padding=&#8221;0&#8243; bottom_padding=&#8221;5&#8243; overlay_strength=&#8221;0.3&#8243;][vc_column column_padding=&#8221;no-extra-padding&#8221; column_padding_position=&#8221;all&#8221; background_color_opacity=&#8221;1&#8243; background_hover_color_opacity=&#8221;1&#8243; column_shadow=&#8221;none&#8221; width=&#8221;1\/1&#8243; tablet_text_alignment=&#8221;default&#8221; phone_text_alignment=&#8221;default&#8221; column_border_width=&#8221;none&#8221; column_border_style=&#8221;solid&#8221;][vc_column_text]\n<h2><strong>ACTIVITIES<\/strong><\/h2>\n<p>Heritage offers a wide range of activities that we consider to be highly important in the development and recovery of the individual and which will definitely make your stay more pleasant, such as: swimming pools, equipped gym with several classes by a qualified instructor, yoga, chi-kung, horse therapy, art therapy by qualified coaches, table tennis, mini football, cycle tourism, abseiling, canoeing, hiking, beach walks, gardening and introduction to small-scale agriculture.<\/p>\n<p>However, activities considered playful or not considered as a complement to therapy will only be available at times defined by the internal regulations as leisure time.<\/p>\n<p>Outdoor activities are subject to seasonality, to the technician who facilitates them, and to the specific characteristics of the patient group at the time. Therefore, activities not illustrated in the information available on the website may also take place.[\/vc_column_text]<div class=\"divider-wrap\"><div style=\"height: 50px;\" class=\"divider\"><\/div><\/div>[vc_gallery type=&#8221;parallax_image_grid&#8221; images=&#8221;1132,1133,1134,1135,1136,1137,1138,1139,1140,1141,1142,1143&#8243; img_size=&#8221;700X500&#8243;][\/vc_column][\/vc_row][vc_row type=&#8221;full_width_content&#8221; full_screen_row_position=&#8221;middle&#8221; bg_color=&#8221;#e9c157&#8243; scene_position=&#8221;center&#8221; text_color=&#8221;dark&#8221; text_align=&#8221;left&#8221; overlay_strength=&#8221;0.5&#8243;][vc_column column_padding=&#8221;no-extra-padding&#8221; column_padding_position=&#8221;all&#8221; background_color_opacity=&#8221;1&#8243; background_hover_color_opacity=&#8221;1&#8243; column_shadow=&#8221;none&#8221; width=&#8221;1\/1&#8243; tablet_text_alignment=&#8221;default&#8221; phone_text_alignment=&#8221;default&#8221; column_border_width=&#8221;none&#8221; column_border_style=&#8221;solid&#8221;]<div class=\"divider-wrap\"><div style=\"height: 30px;\" class=\"divider\"><\/div><\/div>[nectar_cta heading_tag=&#8221;h2&#8243; text_color=&#8221;#0a0303&#8243; link_type=&#8221;regular&#8221; alignment=&#8221;center&#8221; text=&#8221;Heritage Counseling Clinic offers the most<br \/>\ncomplete therapeutic program in Europe.&#8221; link_text=&#8221;COME TO MEET US&#8221; url=&#8221;https:\/\/heritagecounseling.pt\/en\/contactos\/&#8221;]<div class=\"divider-wrap\"><div style=\"height: 30px;\" class=\"divider\"><\/div><\/div>[\/vc_column][\/vc_row]","protected":false},"excerpt":{"rendered":"<p>[vc_row type=&#8221;in_container&#8221; full_screen_row_position=&#8221;middle&#8221; scene_position=&#8221;center&#8221; text_color=&#8221;dark&#8221; text_align=&#8221;left&#8221; overlay_strength=&#8221;0.3&#8243;][vc_column column_padding=&#8221;no-extra-padding&#8221; column_padding_position=&#8221;all&#8221; background_color_opacity=&#8221;1&#8243; background_hover_color_opacity=&#8221;1&#8243; column_shadow=&#8221;none&#8221; width=&#8221;1\/1&#8243; tablet_text_alignment=&#8221;default&#8221; phone_text_alignment=&#8221;default&#8221; column_border_width=&#8221;none&#8221; column_border_style=&#8221;solid&#8221;][\/vc_column][\/vc_row][vc_row type=&#8221;in_container&#8221; full_screen_row_position=&#8221;middle&#8221; scene_position=&#8221;center&#8221; text_color=&#8221;dark&#8221; text_align=&#8221;left&#8221; top_padding=&#8221;0&#8243; bottom_padding=&#8221;5&#8243; overlay_strength=&#8221;0.3&#8243;][vc_column column_padding=&#8221;no-extra-padding&#8221; column_padding_position=&#8221;all&#8221; background_color_opacity=&#8221;1&#8243; background_hover_color_opacity=&#8221;1&#8243; column_shadow=&#8221;none&#8221;&#8230;<\/p>\n","protected":false},"author":1,"featured_media":0,"parent":0,"menu_order":0,"comment_status":"closed","ping_status":"closed","template":"","meta":{"footnotes":""},"class_list":["post-1131","page","type-page","status-publish","hentry"],"yoast_head":"<!-- This site is optimized with the Yoast SEO plugin v27.2 - https:\/\/yoast.com\/product\/yoast-seo-wordpress\/ -->\n<title>ACTIVIDADES - Heritage Counseling Clinic<\/title>\n<meta name=\"robots\" content=\"index, follow, max-snippet:-1, max-image-preview:large, max-video-preview:-1\" \/>\n<link rel=\"canonical\" href=\"https:\/\/heritagecounseling.pt\/actividades\/\" \/>\n<meta property=\"og:locale\" content=\"en_US\" \/>\n<meta property=\"og:type\" content=\"article\" \/>\n<meta property=\"og:title\" content=\"[:pt]ACTIVIDADES[:en]ACTIVIDADES[:fr]ACTIVIT\u00c9S[:] - Heritage Counseling Clinic\" \/>\n<meta property=\"og:description\" content=\"[vc_row type=&#8221;in_container&#8221; full_screen_row_position=&#8221;middle&#8221; scene_position=&#8221;center&#8221; text_color=&#8221;dark&#8221; text_align=&#8221;left&#8221; overlay_strength=&#8221;0.3&#8243;][vc_column column_padding=&#8221;no-extra-padding&#8221; column_padding_position=&#8221;all&#8221; background_color_opacity=&#8221;1&#8243; background_hover_color_opacity=&#8221;1&#8243; column_shadow=&#8221;none&#8221; width=&#8221;1\/1&#8243; tablet_text_alignment=&#8221;default&#8221; phone_text_alignment=&#8221;default&#8221; column_border_width=&#8221;none&#8221; column_border_style=&#8221;solid&#8221;][\/vc_column][\/vc_row][vc_row type=&#8221;in_container&#8221; full_screen_row_position=&#8221;middle&#8221; scene_position=&#8221;center&#8221; text_color=&#8221;dark&#8221; text_align=&#8221;left&#8221; top_padding=&#8221;0&#8243; bottom_padding=&#8221;5&#8243; overlay_strength=&#8221;0.3&#8243;][vc_column column_padding=&#8221;no-extra-padding&#8221; column_padding_position=&#8221;all&#8221; background_color_opacity=&#8221;1&#8243; background_hover_color_opacity=&#8221;1&#8243; column_shadow=&#8221;none&#8221;...\" \/>\n<meta property=\"og:url\" content=\"https:\/\/heritagecounseling.pt\/actividades\/\" \/>\n<meta property=\"og:site_name\" content=\"Heritage Counseling Clinic\" \/>\n<meta property=\"article:modified_time\" content=\"2025-11-06T09:08:43+00:00\" \/>\n<meta name=\"twitter:card\" content=\"summary_large_image\" \/>\n<meta name=\"twitter:label1\" content=\"Est. reading time\" \/>\n\t<meta name=\"twitter:data1\" content=\"2 minutes\" \/>\n<script type=\"application\/ld+json\" class=\"yoast-schema-graph\">{\"@context\":\"https:\/\/schema.org\",\"@graph\":[{\"@type\":\"WebPage\",\"@id\":\"https:\/\/heritagecounseling.pt\/actividades\/\",\"url\":\"https:\/\/heritagecounseling.pt\/actividades\/\",\"name\":\"[:pt]ACTIVIDADES[:en]ACTIVIDADES[:fr]ACTIVIT\u00c9S[:] - Heritage Counseling Clinic\",\"isPartOf\":{\"@id\":\"https:\/\/heritagecounseling.pt\/#website\"},\"datePublished\":\"2018-06-26T11:13:41+00:00\",\"dateModified\":\"2025-11-06T09:08:43+00:00\",\"breadcrumb\":{\"@id\":\"https:\/\/heritagecounseling.pt\/actividades\/#breadcrumb\"},\"inLanguage\":\"en-US\",\"potentialAction\":[{\"@type\":\"ReadAction\",\"target\":[\"https:\/\/heritagecounseling.pt\/actividades\/\"]}]},{\"@type\":\"BreadcrumbList\",\"@id\":\"https:\/\/heritagecounseling.pt\/actividades\/#breadcrumb\",\"itemListElement\":[{\"@type\":\"ListItem\",\"position\":1,\"name\":\"Home\",\"item\":\"https:\/\/heritagecounseling.pt\/en\/\"},{\"@type\":\"ListItem\",\"position\":2,\"name\":\"ACTIVIDADES\"}]},{\"@type\":\"WebSite\",\"@id\":\"https:\/\/heritagecounseling.pt\/#website\",\"url\":\"https:\/\/heritagecounseling.pt\/\",\"name\":\"Heritage Counseling Clinic\",\"description\":\"Cl\u00ednica de tratamento de adi\u00e7\u00f5es e comportamentos.\",\"potentialAction\":[{\"@type\":\"SearchAction\",\"target\":{\"@type\":\"EntryPoint\",\"urlTemplate\":\"https:\/\/heritagecounseling.pt\/?s={search_term_string}\"},\"query-input\":{\"@type\":\"PropertyValueSpecification\",\"valueRequired\":true,\"valueName\":\"search_term_string\"}}],\"inLanguage\":\"en-US\"}]}<\/script>\n<!-- \/ Yoast SEO plugin. -->","yoast_head_json":{"title":"[:pt]ACTIVIDADES[:en]ACTIVIDADES[:fr]ACTIVIT\u00c9S[:] - Heritage Counseling Clinic","robots":{"index":"index","follow":"follow","max-snippet":"max-snippet:-1","max-image-preview":"max-image-preview:large","max-video-preview":"max-video-preview:-1"},"canonical":"https:\/\/heritagecounseling.pt\/actividades\/","og_locale":"en_US","og_type":"article","og_title":"[:pt]ACTIVIDADES[:en]ACTIVIDADES[:fr]ACTIVIT\u00c9S[:] - Heritage Counseling Clinic","og_description":"[vc_row type=&#8221;in_container&#8221; full_screen_row_position=&#8221;middle&#8221; scene_position=&#8221;center&#8221; text_color=&#8221;dark&#8221; text_align=&#8221;left&#8221; overlay_strength=&#8221;0.3&#8243;][vc_column column_padding=&#8221;no-extra-padding&#8221; column_padding_position=&#8221;all&#8221; background_color_opacity=&#8221;1&#8243; background_hover_color_opacity=&#8221;1&#8243; column_shadow=&#8221;none&#8221; width=&#8221;1\/1&#8243; tablet_text_alignment=&#8221;default&#8221; phone_text_alignment=&#8221;default&#8221; column_border_width=&#8221;none&#8221; column_border_style=&#8221;solid&#8221;][\/vc_column][\/vc_row][vc_row type=&#8221;in_container&#8221; full_screen_row_position=&#8221;middle&#8221; scene_position=&#8221;center&#8221; text_color=&#8221;dark&#8221; text_align=&#8221;left&#8221; top_padding=&#8221;0&#8243; bottom_padding=&#8221;5&#8243; overlay_strength=&#8221;0.3&#8243;][vc_column column_padding=&#8221;no-extra-padding&#8221; column_padding_position=&#8221;all&#8221; background_color_opacity=&#8221;1&#8243; background_hover_color_opacity=&#8221;1&#8243; column_shadow=&#8221;none&#8221;...","og_url":"https:\/\/heritagecounseling.pt\/actividades\/","og_site_name":"Heritage Counseling Clinic","article_modified_time":"2025-11-06T09:08:43+00:00","twitter_card":"summary_large_image","twitter_misc":{"Est. reading time":"2 minutes"},"schema":{"@context":"https:\/\/schema.org","@graph":[{"@type":"WebPage","@id":"https:\/\/heritagecounseling.pt\/actividades\/","url":"https:\/\/heritagecounseling.pt\/actividades\/","name":"[:pt]ACTIVIDADES[:en]ACTIVIDADES[:fr]ACTIVIT\u00c9S[:] - Heritage Counseling Clinic","isPartOf":{"@id":"https:\/\/heritagecounseling.pt\/#website"},"datePublished":"2018-06-26T11:13:41+00:00","dateModified":"2025-11-06T09:08:43+00:00","breadcrumb":{"@id":"https:\/\/heritagecounseling.pt\/actividades\/#breadcrumb"},"inLanguage":"en-US","potentialAction":[{"@type":"ReadAction","target":["https:\/\/heritagecounseling.pt\/actividades\/"]}]},{"@type":"BreadcrumbList","@id":"https:\/\/heritagecounseling.pt\/actividades\/#breadcrumb","itemListElement":[{"@type":"ListItem","position":1,"name":"Home","item":"https:\/\/heritagecounseling.pt\/en\/"},{"@type":"ListItem","position":2,"name":"ACTIVIDADES"}]},{"@type":"WebSite","@id":"https:\/\/heritagecounseling.pt\/#website","url":"https:\/\/heritagecounseling.pt\/","name":"Heritage Counseling Clinic","description":"Cl\u00ednica de tratamento de adi\u00e7\u00f5es e comportamentos.","potentialAction":[{"@type":"SearchAction","target":{"@type":"EntryPoint","urlTemplate":"https:\/\/heritagecounseling.pt\/?s={search_term_string}"},"query-input":{"@type":"PropertyValueSpecification","valueRequired":true,"valueName":"search_term_string"}}],"inLanguage":"en-US"}]}},"_links":{"self":[{"href":"https:\/\/heritagecounseling.pt\/en\/wp-json\/wp\/v2\/pages\/1131","targetHints":{"allow":["GET"]}}],"collection":[{"href":"https:\/\/heritagecounseling.pt\/en\/wp-json\/wp\/v2\/pages"}],"about":[{"href":"https:\/\/heritagecounseling.pt\/en\/wp-json\/wp\/v2\/types\/page"}],"author":[{"embeddable":true,"href":"https:\/\/heritagecounseling.pt\/en\/wp-json\/wp\/v2\/users\/1"}],"replies":[{"embeddable":true,"href":"https:\/\/heritagecounseling.pt\/en\/wp-json\/wp\/v2\/comments?post=1131"}],"version-history":[{"count":18,"href":"https:\/\/heritagecounseling.pt\/en\/wp-json\/wp\/v2\/pages\/1131\/revisions"}],"predecessor-version":[{"id":1895,"href":"https:\/\/heritagecounseling.pt\/en\/wp-json\/wp\/v2\/pages\/1131\/revisions\/1895"}],"wp:attachment":[{"href":"https:\/\/heritagecounseling.pt\/en\/wp-json\/wp\/v2\/media?parent=1131"}],"curies":[{"name":"wp","href":"https:\/\/api.w.org\/{rel}","templated":true}]}}